{"id":7290,"date":"2025-02-26T10:25:47","date_gmt":"2025-02-26T09:25:47","guid":{"rendered":"https:\/\/armbruster.com\/demande\/"},"modified":"2026-01-05T12:09:38","modified_gmt":"2026-01-05T11:09:38","slug":"demande","status":"publish","type":"page","link":"https:\/\/armbruster.com\/fr\/demande\/","title":{"rendered":"Demande"},"content":{"rendered":"\t\t<div data-elementor-type=\"wp-page\" data-elementor-id=\"7290\" class=\"elementor elementor-7290 elementor-270\" data-elementor-post-type=\"page\">\n\t\t\t\t<div class=\"elementor-element elementor-element-b258686 e-con-full e-flex e-con e-parent\" data-id=\"b258686\" data-element_type=\"container\" data-settings=\"{&quot;background_background&quot;:&quot;classic&quot;}\">\n\t\t<div class=\"elementor-element elementor-element-0c2c0c8 e-con-full e-flex e-con e-child\" data-id=\"0c2c0c8\" data-element_type=\"container\">\n\t\t<div class=\"elementor-element elementor-element-e3765e1 e-con-full e-flex e-con e-child\" data-id=\"e3765e1\" data-element_type=\"container\">\n\t\t\t\t<div class=\"elementor-element elementor-element-71f73a0 elementor-widget elementor-widget-breadcrumbs\" data-id=\"71f73a0\" data-element_type=\"widget\" data-widget_type=\"breadcrumbs.default\">\n\t\t\t\t<div class=\"elementor-widget-container\">\n\t\t\t\t\t<p id=\"breadcrumbs\"><span><span><a href=\"https:\/\/armbruster.com\/fr\/page-daccueil\/\">Startseite<\/a><\/span><\/span><\/p>\t\t\t\t<\/div>\n\t\t\t\t<\/div>\n\t\t\t\t<div class=\"elementor-element elementor-element-e708768 elementor-widget elementor-widget-heading\" data-id=\"e708768\" data-element_type=\"widget\" data-widget_type=\"heading.default\">\n\t\t\t\t<div class=\"elementor-widget-container\">\n\t\t\t\t\t<h1 class=\"elementor-heading-title elementor-size-default\">Votre demande \u2013 rapide et simple<\/h1>\t\t\t\t<\/div>\n\t\t\t\t<\/div>\n\t\t\t\t<div class=\"elementor-element elementor-element-3afad47 elementor-widget elementor-widget-text-editor\" data-id=\"3afad47\" data-element_type=\"widget\" data-widget_type=\"text-editor.default\">\n\t\t\t\t<div class=\"elementor-widget-container\">\n\t\t\t\t\t\t\t\t\t<p><a href=\"tel:+497832975910\">+49 7832 97591-0<\/a><br><a href=\"mailto:anfrage@armbruster.com\">anfrage@armbruster.com<\/a><\/p>\t\t\t\t\t\t\t\t<\/div>\n\t\t\t\t<\/div>\n\t\t\t\t<\/div>\n\t\t\t\t<div class=\"elementor-element elementor-element-b1eecf4 image-corner grey top-25 elementor-hidden-tablet elementor-hidden-mobile elementor-widget elementor-widget-image\" data-id=\"b1eecf4\" data-element_type=\"widget\" data-widget_type=\"image.default\">\n\t\t\t\t<div class=\"elementor-widget-container\">\n\t\t\t\t\t\t\t\t\t\t\t\t\t\t\t<img fetchpriority=\"high\" decoding=\"async\" width=\"1000\" height=\"700\" src=\"https:\/\/armbruster.com\/wp-content\/uploads\/2025\/05\/armbruster-anfrage-18036.jpg\" class=\"attachment-full size-full wp-image-6085\" alt=\"\" srcset=\"https:\/\/armbruster.com\/wp-content\/uploads\/2025\/05\/armbruster-anfrage-18036.jpg 1000w, https:\/\/armbruster.com\/wp-content\/uploads\/2025\/05\/armbruster-anfrage-18036-300x210.jpg 300w, https:\/\/armbruster.com\/wp-content\/uploads\/2025\/05\/armbruster-anfrage-18036-768x538.jpg 768w\" sizes=\"(max-width: 1000px) 100vw, 1000px\" \/>\t\t\t\t\t\t\t\t\t\t\t\t\t\t\t<\/div>\n\t\t\t\t<\/div>\n\t\t\t\t<\/div>\n\t\t<div class=\"elementor-element elementor-element-e83562a e-con-full e-flex e-con e-child\" data-id=\"e83562a\" data-element_type=\"container\">\n\t\t\t\t<div class=\"elementor-element elementor-element-7286948 elementor-button-align-start elementor-widget__width-initial elementor-widget-mobile__width-inherit elementor-widget elementor-widget-form\" data-id=\"7286948\" data-element_type=\"widget\" data-settings=\"{&quot;step_next_label&quot;:&quot;Suivant&quot;,&quot;step_previous_label&quot;:&quot;Pr\\u00e9c\\u00e9dent&quot;,&quot;button_width&quot;:&quot;100&quot;,&quot;step_type&quot;:&quot;number_text&quot;,&quot;step_icon_shape&quot;:&quot;circle&quot;}\" data-widget_type=\"form.default\">\n\t\t\t\t<div class=\"elementor-widget-container\">\n\t\t\t\t\t\t\t<form class=\"elementor-form\" method=\"post\" name=\"Nouveau formulaire\" aria-label=\"Nouveau formulaire\">\n\t\t\t<input type=\"hidden\" name=\"post_id\" value=\"7290\"\/>\n\t\t\t<input type=\"hidden\" name=\"form_id\" value=\"7286948\"\/>\n\t\t\t<input type=\"hidden\" name=\"referer_title\" value=\"Armbruster GmbH \u2013 Medizintechnik | Pr\u00e4zisionstechnik\" \/>\n\n\t\t\t\n\t\t\t<div class=\"elementor-form-fields-wrapper elementor-labels-above\">\n\t\t\t\t\t\t\t\t<div class=\"elementor-field-type-text elementor-field-group elementor-column elementor-field-group-vorname elementor-col-50 elementor-field-required elementor-mark-required\">\n\t\t\t\t\t\t\t\t\t\t\t\t<label for=\"form-field-vorname\" class=\"elementor-field-label\">\n\t\t\t\t\t\t\t\tPr\u00e9nom\t\t\t\t\t\t\t<\/label>\n\t\t\t\t\t\t\t\t\t\t\t\t\t\t<input size=\"1\" type=\"text\" name=\"form_fields[vorname]\" id=\"form-field-vorname\" class=\"elementor-field elementor-size-sm  elementor-field-textual\" placeholder=\"Pr\u00e9nom\" required=\"required\">\n\t\t\t\t\t\t\t\t\t\t\t<\/div>\n\t\t\t\t\t\t\t\t<div class=\"elementor-field-type-text elementor-field-group elementor-column elementor-field-group-nachname elementor-col-50 elementor-field-required elementor-mark-required\">\n\t\t\t\t\t\t\t\t\t\t\t\t<label for=\"form-field-nachname\" class=\"elementor-field-label\">\n\t\t\t\t\t\t\t\tNom\t\t\t\t\t\t\t<\/label>\n\t\t\t\t\t\t\t\t\t\t\t\t\t\t<input size=\"1\" type=\"text\" name=\"form_fields[nachname]\" id=\"form-field-nachname\" class=\"elementor-field elementor-size-sm  elementor-field-textual\" placeholder=\"Nom\" required=\"required\">\n\t\t\t\t\t\t\t\t\t\t\t<\/div>\n\t\t\t\t\t\t\t\t<div class=\"elementor-field-type-email elementor-field-group elementor-column elementor-field-group-email elementor-col-100 elementor-field-required elementor-mark-required\">\n\t\t\t\t\t\t\t\t\t\t\t\t<label for=\"form-field-email\" class=\"elementor-field-label\">\n\t\t\t\t\t\t\t\tE-Mail\t\t\t\t\t\t\t<\/label>\n\t\t\t\t\t\t\t\t\t\t\t\t\t\t<input size=\"1\" type=\"email\" name=\"form_fields[email]\" id=\"form-field-email\" class=\"elementor-field elementor-size-sm  elementor-field-textual\" placeholder=\"E-Mail\" required=\"required\">\n\t\t\t\t\t\t\t\t\t\t\t<\/div>\n\t\t\t\t\t\t\t\t<div class=\"elementor-field-type-tel elementor-field-group elementor-column elementor-field-group-phone elementor-col-100\">\n\t\t\t\t\t\t\t\t\t\t\t\t<label for=\"form-field-phone\" class=\"elementor-field-label\">\n\t\t\t\t\t\t\t\tT\u00e9l\u00e9phone\t\t\t\t\t\t\t<\/label>\n\t\t\t\t\t\t\t\t<input size=\"1\" type=\"tel\" name=\"form_fields[phone]\" id=\"form-field-phone\" class=\"elementor-field elementor-size-sm  elementor-field-textual\" placeholder=\"T\u00e9l\u00e9phone\" pattern=\"[0-9()#&amp;+*-=.]+\" title=\"Seuls les caract\u00e8res de num\u00e9ros de t\u00e9l\u00e9phone (#, -, *, etc.) sont accept\u00e9s.\">\n\n\t\t\t\t\t\t<\/div>\n\t\t\t\t\t\t\t\t<div class=\"elementor-field-type-text elementor-field-group elementor-column elementor-field-group-firma elementor-col-50 elementor-field-required elementor-mark-required\">\n\t\t\t\t\t\t\t\t\t\t\t\t<label for=\"form-field-firma\" class=\"elementor-field-label\">\n\t\t\t\t\t\t\t\tEntreprise\t\t\t\t\t\t\t<\/label>\n\t\t\t\t\t\t\t\t\t\t\t\t\t\t<input size=\"1\" type=\"text\" name=\"form_fields[firma]\" id=\"form-field-firma\" class=\"elementor-field elementor-size-sm  elementor-field-textual\" placeholder=\"Entreprise\" required=\"required\">\n\t\t\t\t\t\t\t\t\t\t\t<\/div>\n\t\t\t\t\t\t\t\t<div class=\"elementor-field-type-text elementor-field-group elementor-column elementor-field-group-adresse elementor-col-100\">\n\t\t\t\t\t\t\t\t\t\t\t\t<label for=\"form-field-adresse\" class=\"elementor-field-label\">\n\t\t\t\t\t\t\t\tRue et num\u00e9ro\t\t\t\t\t\t\t<\/label>\n\t\t\t\t\t\t\t\t\t\t\t\t\t\t<input size=\"1\" type=\"text\" name=\"form_fields[adresse]\" id=\"form-field-adresse\" class=\"elementor-field elementor-size-sm  elementor-field-textual\" placeholder=\"Rue et num\u00e9ro\">\n\t\t\t\t\t\t\t\t\t\t\t<\/div>\n\t\t\t\t\t\t\t\t<div class=\"elementor-field-type-text elementor-field-group elementor-column elementor-field-group-plz elementor-col-50\">\n\t\t\t\t\t\t\t\t\t\t\t\t<label for=\"form-field-plz\" class=\"elementor-field-label\">\n\t\t\t\t\t\t\t\tCode postal\t\t\t\t\t\t\t<\/label>\n\t\t\t\t\t\t\t\t\t\t\t\t\t\t<input size=\"1\" type=\"text\" name=\"form_fields[plz]\" id=\"form-field-plz\" class=\"elementor-field elementor-size-sm  elementor-field-textual\" placeholder=\"Code postal\">\n\t\t\t\t\t\t\t\t\t\t\t<\/div>\n\t\t\t\t\t\t\t\t<div class=\"elementor-field-type-text elementor-field-group elementor-column elementor-field-group-ort elementor-col-50\">\n\t\t\t\t\t\t\t\t\t\t\t\t<label for=\"form-field-ort\" class=\"elementor-field-label\">\n\t\t\t\t\t\t\t\tVille\t\t\t\t\t\t\t<\/label>\n\t\t\t\t\t\t\t\t\t\t\t\t\t\t<input size=\"1\" type=\"text\" name=\"form_fields[ort]\" id=\"form-field-ort\" class=\"elementor-field elementor-size-sm  elementor-field-textual\" placeholder=\"Ville\">\n\t\t\t\t\t\t\t\t\t\t\t<\/div>\n\t\t\t\t\t\t\t\t<div class=\"elementor-field-type-html elementor-field-group elementor-column elementor-field-group-field_6f03964 elementor-col-100\">\n\t\t\t\t\t<p class=\"upload-notice\">\n<strong>T\u00e9l\u00e9chargement de donn\u00e9es<\/strong><br>max. 5 Mo par document \n<\/p>\t\t\t\t<\/div>\n\t\t\t\t\t\t\t\t<div class=\"elementor-field-type-upload elementor-field-group elementor-column elementor-field-group-document1 elementor-col-20\">\n\t\t\t\t\t\t\t\t\t\t\t\t<label for=\"form-field-document1\" class=\"elementor-field-label\">\n\t\t\t\t\t\t\t\tDocument 1\t\t\t\t\t\t\t<\/label>\n\t\t\t\t\t\t\t\t<input type=\"file\" name=\"form_fields[document1]\" id=\"form-field-document1\" class=\"elementor-field elementor-size-sm  elementor-upload-field\" data-maxsize=\"5\" data-maxsize-message=\"Ce fichier d\u00e9passe la taille maximale autoris\u00e9e.\">\n\n\t\t\t\t\t\t<\/div>\n\t\t\t\t\t\t\t\t<div class=\"elementor-field-type-upload elementor-field-group elementor-column elementor-field-group-document2 elementor-col-20\">\n\t\t\t\t\t\t\t\t\t\t\t\t<label for=\"form-field-document2\" class=\"elementor-field-label\">\n\t\t\t\t\t\t\t\tDocument 2\t\t\t\t\t\t\t<\/label>\n\t\t\t\t\t\t\t\t<input type=\"file\" name=\"form_fields[document2]\" id=\"form-field-document2\" class=\"elementor-field elementor-size-sm  elementor-upload-field\" data-maxsize=\"5\" data-maxsize-message=\"Ce fichier d\u00e9passe la taille maximale autoris\u00e9e.\">\n\n\t\t\t\t\t\t<\/div>\n\t\t\t\t\t\t\t\t<div class=\"elementor-field-type-upload elementor-field-group elementor-column elementor-field-group-document3 elementor-col-20\">\n\t\t\t\t\t\t\t\t\t\t\t\t<label for=\"form-field-document3\" class=\"elementor-field-label\">\n\t\t\t\t\t\t\t\tDocument 3\t\t\t\t\t\t\t<\/label>\n\t\t\t\t\t\t\t\t<input type=\"file\" name=\"form_fields[document3]\" id=\"form-field-document3\" class=\"elementor-field elementor-size-sm  elementor-upload-field\" data-maxsize=\"5\" data-maxsize-message=\"Ce fichier d\u00e9passe la taille maximale autoris\u00e9e.\">\n\n\t\t\t\t\t\t<\/div>\n\t\t\t\t\t\t\t\t<div class=\"elementor-field-type-upload elementor-field-group elementor-column elementor-field-group-document4 elementor-col-20\">\n\t\t\t\t\t\t\t\t\t\t\t\t<label for=\"form-field-document4\" class=\"elementor-field-label\">\n\t\t\t\t\t\t\t\tDocument 4\t\t\t\t\t\t\t<\/label>\n\t\t\t\t\t\t\t\t<input type=\"file\" name=\"form_fields[document4]\" id=\"form-field-document4\" class=\"elementor-field elementor-size-sm  elementor-upload-field\" data-maxsize=\"5\" data-maxsize-message=\"Ce fichier d\u00e9passe la taille maximale autoris\u00e9e.\">\n\n\t\t\t\t\t\t<\/div>\n\t\t\t\t\t\t\t\t<div class=\"elementor-field-type-upload elementor-field-group elementor-column elementor-field-group-document5 elementor-col-20\">\n\t\t\t\t\t\t\t\t\t\t\t\t<label for=\"form-field-document5\" class=\"elementor-field-label\">\n\t\t\t\t\t\t\t\tDocument 5\t\t\t\t\t\t\t<\/label>\n\t\t\t\t\t\t\t\t<input type=\"file\" name=\"form_fields[document5]\" id=\"form-field-document5\" class=\"elementor-field elementor-size-sm  elementor-upload-field\" data-maxsize=\"5\" data-maxsize-message=\"Ce fichier d\u00e9passe la taille maximale autoris\u00e9e.\">\n\n\t\t\t\t\t\t<\/div>\n\t\t\t\t\t\t\t\t<div class=\"elementor-field-type-textarea elementor-field-group elementor-column elementor-field-group-message elementor-col-100 elementor-field-required elementor-mark-required\">\n\t\t\t\t\t\t\t\t\t\t\t\t<label for=\"form-field-message\" class=\"elementor-field-label\">\n\t\t\t\t\t\t\t\tMessage\t\t\t\t\t\t\t<\/label>\n\t\t\t\t\t\t<textarea class=\"elementor-field-textual elementor-field  elementor-size-sm\" name=\"form_fields[message]\" id=\"form-field-message\" rows=\"4\" placeholder=\"Message\" required=\"required\"><\/textarea>\t\t\t\t<\/div>\n\t\t\t\t\t\t\t\t<div class=\"elementor-field-type-html elementor-field-group elementor-column elementor-field-group-field_239c7d4 elementor-col-100\">\n\t\t\t\t\t* Champs obligatoires\t\t\t\t<\/div>\n\t\t\t\t\t\t\t\t<div class=\"elementor-field-type-html elementor-field-group elementor-column elementor-field-group-datenschutz elementor-col-100\">\n\t\t\t\t\t<strong>Remarque relative \u00e0 la protection des donn\u00e9es<\/strong><br>En cliquant sur le bouton ci-dessous pour envoyer les donn\u00e9es saisies dans le formulaire de contact, vous acceptez que nous utilisions vos informations pour r\u00e9pondre \u00e0 votre demande ou vous contacter. Vos donn\u00e9es ne seront en aucun cas transmises \u00e0 des tiers, sauf si les dispositions applicables en mati\u00e8re de protection des donn\u00e9es justifient un transfert ou si nous y sommes l\u00e9galement tenus. Vous pouvez r\u00e9voquer votre consentement \u00e0 tout moment avec effet pour l'avenir. En cas de r\u00e9vocation, vos donn\u00e9es seront imm\u00e9diatement supprim\u00e9es. Sinon, vos donn\u00e9es seront supprim\u00e9es lorsque nous aurons trait\u00e9 votre demande ou lorsque la finalit\u00e9 de leur stockage aura disparu. Vous pouvez \u00e0 tout moment obtenir des informations sur les donn\u00e9es enregistr\u00e9es vous concernant. Vous trouverez \u00e9galement de plus amples informations sur la protection des donn\u00e9es dans la d\u00e9claration de confidentialit\u00e9 de ce site web.      \t\t\t\t<\/div>\n\t\t\t\t\t\t\t\t<div class=\"elementor-field-group elementor-column elementor-field-type-submit elementor-col-100 e-form__buttons\">\n\t\t\t\t\t<button class=\"elementor-button elementor-size-sm\" type=\"submit\">\n\t\t\t\t\t\t<span class=\"elementor-button-content-wrapper\">\n\t\t\t\t\t\t\t\t\t\t\t\t\t\t\t\t\t\t\t\t\t\t<span class=\"elementor-button-text\">Envoyer maintenant<\/span>\n\t\t\t\t\t\t\t\t\t\t\t\t\t<\/span>\n\t\t\t\t\t<\/button>\n\t\t\t\t<\/div>\n\t\t\t<\/div>\n\t\t<\/form>\n\t\t\t\t\t\t<\/div>\n\t\t\t\t<\/div>\n\t\t\t\t<\/div>\n\t\t\t\t<\/div>\n\t\t\t\t<\/div>\n\t\t","protected":false},"excerpt":{"rendered":"<p>Votre demande \u2013 rapide et simple +49 7832 97591-0anfrage@armbruster.com<\/p>\n","protected":false},"author":1,"featured_media":0,"parent":0,"menu_order":90,"comment_status":"closed","ping_status":"closed","template":"elementor_theme","meta":{"_acf_changed":false,"footnotes":""},"class_list":["post-7290","page","type-page","status-publish","hentry"],"acf":[],"yoast_head":"<!-- This site is optimized with the Yoast SEO plugin v26.7 - https:\/\/yoast.com\/wordpress\/plugins\/seo\/ -->\n<title>Demande - Armbruster GmbH \u2013 Medizintechnik | Pr\u00e4zisionstechnik<\/title>\n<meta name=\"robots\" content=\"index, follow, max-snippet:-1, max-image-preview:large, max-video-preview:-1\" \/>\n<link rel=\"canonical\" href=\"https:\/\/armbruster.com\/fr\/demande\/\" \/>\n<meta property=\"og:locale\" content=\"fr_FR\" \/>\n<meta property=\"og:type\" content=\"article\" \/>\n<meta property=\"og:title\" content=\"Demande - Armbruster GmbH \u2013 Medizintechnik | Pr\u00e4zisionstechnik\" \/>\n<meta property=\"og:description\" content=\"Votre demande \u2013 rapide et simple +49 7832 97591-0anfrage@armbruster.com\" \/>\n<meta property=\"og:url\" content=\"https:\/\/armbruster.com\/fr\/demande\/\" \/>\n<meta property=\"og:site_name\" content=\"Armbruster GmbH \u2013 Medizintechnik | Pr\u00e4zisionstechnik\" \/>\n<meta property=\"article:modified_time\" content=\"2026-01-05T11:09:38+00:00\" \/>\n<meta property=\"og:image\" content=\"https:\/\/armbruster.com\/wp-content\/uploads\/2025\/05\/armbruster-anfrage-18036.jpg\" \/>\n\t<meta property=\"og:image:width\" content=\"1000\" \/>\n\t<meta property=\"og:image:height\" content=\"700\" \/>\n\t<meta property=\"og:image:type\" content=\"image\/jpeg\" \/>\n<meta name=\"twitter:card\" content=\"summary_large_image\" \/>\n<script type=\"application\/ld+json\" class=\"yoast-schema-graph\">{\"@context\":\"https:\/\/schema.org\",\"@graph\":[{\"@type\":\"WebPage\",\"@id\":\"https:\/\/armbruster.com\/fr\/demande\/\",\"url\":\"https:\/\/armbruster.com\/fr\/demande\/\",\"name\":\"Demande - Armbruster GmbH \u2013 Medizintechnik | Pr\u00e4zisionstechnik\",\"isPartOf\":{\"@id\":\"https:\/\/armbruster.com\/fr\/#website\"},\"primaryImageOfPage\":{\"@id\":\"https:\/\/armbruster.com\/fr\/demande\/#primaryimage\"},\"image\":{\"@id\":\"https:\/\/armbruster.com\/fr\/demande\/#primaryimage\"},\"thumbnailUrl\":\"https:\/\/armbruster.com\/wp-content\/uploads\/2025\/05\/armbruster-anfrage-18036.jpg\",\"datePublished\":\"2025-02-26T09:25:47+00:00\",\"dateModified\":\"2026-01-05T11:09:38+00:00\",\"breadcrumb\":{\"@id\":\"https:\/\/armbruster.com\/fr\/demande\/#breadcrumb\"},\"inLanguage\":\"fr-FR\",\"potentialAction\":[{\"@type\":\"ReadAction\",\"target\":[\"https:\/\/armbruster.com\/fr\/demande\/\"]}]},{\"@type\":\"ImageObject\",\"inLanguage\":\"fr-FR\",\"@id\":\"https:\/\/armbruster.com\/fr\/demande\/#primaryimage\",\"url\":\"https:\/\/armbruster.com\/wp-content\/uploads\/2025\/05\/armbruster-anfrage-18036.jpg\",\"contentUrl\":\"https:\/\/armbruster.com\/wp-content\/uploads\/2025\/05\/armbruster-anfrage-18036.jpg\"},{\"@type\":\"BreadcrumbList\",\"@id\":\"https:\/\/armbruster.com\/fr\/demande\/#breadcrumb\",\"itemListElement\":[{\"@type\":\"ListItem\",\"position\":1,\"name\":\"Startseite\",\"item\":\"https:\/\/armbruster.com\/fr\/page-daccueil\/\"},{\"@type\":\"ListItem\",\"position\":2,\"name\":\"Demande\"}]},{\"@type\":\"WebSite\",\"@id\":\"https:\/\/armbruster.com\/fr\/#website\",\"url\":\"https:\/\/armbruster.com\/fr\/\",\"name\":\"Armbruster GmbH \u2013 Medizintechnik | Pr\u00e4zisionstechnik\",\"description\":\"Steinach im Kinzigtal  \u2013 Medizin + Industrie\",\"publisher\":{\"@id\":\"https:\/\/armbruster.com\/fr\/#organization\"},\"potentialAction\":[{\"@type\":\"SearchAction\",\"target\":{\"@type\":\"EntryPoint\",\"urlTemplate\":\"https:\/\/armbruster.com\/fr\/?s={search_term_string}\"},\"query-input\":{\"@type\":\"PropertyValueSpecification\",\"valueRequired\":true,\"valueName\":\"search_term_string\"}}],\"inLanguage\":\"fr-FR\"},{\"@type\":\"Organization\",\"@id\":\"https:\/\/armbruster.com\/fr\/#organization\",\"name\":\"Armbruster GmbH \u2013 Medizintechnik | Pr\u00e4zisionstechnik\",\"url\":\"https:\/\/armbruster.com\/fr\/\",\"logo\":{\"@type\":\"ImageObject\",\"inLanguage\":\"fr-FR\",\"@id\":\"https:\/\/armbruster.com\/fr\/#\/schema\/logo\/image\/\",\"url\":\"https:\/\/armbruster.com\/wp-content\/uploads\/2023\/10\/logo.svg\",\"contentUrl\":\"https:\/\/armbruster.com\/wp-content\/uploads\/2023\/10\/logo.svg\",\"width\":323,\"height\":53,\"caption\":\"Armbruster GmbH \u2013 Medizintechnik | Pr\u00e4zisionstechnik\"},\"image\":{\"@id\":\"https:\/\/armbruster.com\/fr\/#\/schema\/logo\/image\/\"}}]}<\/script>\n<!-- \/ Yoast SEO plugin. -->","yoast_head_json":{"title":"Demande - Armbruster GmbH \u2013 Medizintechnik | Pr\u00e4zisionstechnik","robots":{"index":"index","follow":"follow","max-snippet":"max-snippet:-1","max-image-preview":"max-image-preview:large","max-video-preview":"max-video-preview:-1"},"canonical":"https:\/\/armbruster.com\/fr\/demande\/","og_locale":"fr_FR","og_type":"article","og_title":"Demande - Armbruster GmbH \u2013 Medizintechnik | Pr\u00e4zisionstechnik","og_description":"Votre demande \u2013 rapide et simple +49 7832 97591-0anfrage@armbruster.com","og_url":"https:\/\/armbruster.com\/fr\/demande\/","og_site_name":"Armbruster GmbH \u2013 Medizintechnik | Pr\u00e4zisionstechnik","article_modified_time":"2026-01-05T11:09:38+00:00","og_image":[{"width":1000,"height":700,"url":"https:\/\/armbruster.com\/wp-content\/uploads\/2025\/05\/armbruster-anfrage-18036.jpg","type":"image\/jpeg"}],"twitter_card":"summary_large_image","schema":{"@context":"https:\/\/schema.org","@graph":[{"@type":"WebPage","@id":"https:\/\/armbruster.com\/fr\/demande\/","url":"https:\/\/armbruster.com\/fr\/demande\/","name":"Demande - Armbruster GmbH \u2013 Medizintechnik | Pr\u00e4zisionstechnik","isPartOf":{"@id":"https:\/\/armbruster.com\/fr\/#website"},"primaryImageOfPage":{"@id":"https:\/\/armbruster.com\/fr\/demande\/#primaryimage"},"image":{"@id":"https:\/\/armbruster.com\/fr\/demande\/#primaryimage"},"thumbnailUrl":"https:\/\/armbruster.com\/wp-content\/uploads\/2025\/05\/armbruster-anfrage-18036.jpg","datePublished":"2025-02-26T09:25:47+00:00","dateModified":"2026-01-05T11:09:38+00:00","breadcrumb":{"@id":"https:\/\/armbruster.com\/fr\/demande\/#breadcrumb"},"inLanguage":"fr-FR","potentialAction":[{"@type":"ReadAction","target":["https:\/\/armbruster.com\/fr\/demande\/"]}]},{"@type":"ImageObject","inLanguage":"fr-FR","@id":"https:\/\/armbruster.com\/fr\/demande\/#primaryimage","url":"https:\/\/armbruster.com\/wp-content\/uploads\/2025\/05\/armbruster-anfrage-18036.jpg","contentUrl":"https:\/\/armbruster.com\/wp-content\/uploads\/2025\/05\/armbruster-anfrage-18036.jpg"},{"@type":"BreadcrumbList","@id":"https:\/\/armbruster.com\/fr\/demande\/#breadcrumb","itemListElement":[{"@type":"ListItem","position":1,"name":"Startseite","item":"https:\/\/armbruster.com\/fr\/page-daccueil\/"},{"@type":"ListItem","position":2,"name":"Demande"}]},{"@type":"WebSite","@id":"https:\/\/armbruster.com\/fr\/#website","url":"https:\/\/armbruster.com\/fr\/","name":"Armbruster GmbH \u2013 Medizintechnik | Pr\u00e4zisionstechnik","description":"Steinach im Kinzigtal  \u2013 Medizin + Industrie","publisher":{"@id":"https:\/\/armbruster.com\/fr\/#organization"},"potentialAction":[{"@type":"SearchAction","target":{"@type":"EntryPoint","urlTemplate":"https:\/\/armbruster.com\/fr\/?s={search_term_string}"},"query-input":{"@type":"PropertyValueSpecification","valueRequired":true,"valueName":"search_term_string"}}],"inLanguage":"fr-FR"},{"@type":"Organization","@id":"https:\/\/armbruster.com\/fr\/#organization","name":"Armbruster GmbH \u2013 Medizintechnik | Pr\u00e4zisionstechnik","url":"https:\/\/armbruster.com\/fr\/","logo":{"@type":"ImageObject","inLanguage":"fr-FR","@id":"https:\/\/armbruster.com\/fr\/#\/schema\/logo\/image\/","url":"https:\/\/armbruster.com\/wp-content\/uploads\/2023\/10\/logo.svg","contentUrl":"https:\/\/armbruster.com\/wp-content\/uploads\/2023\/10\/logo.svg","width":323,"height":53,"caption":"Armbruster GmbH \u2013 Medizintechnik | Pr\u00e4zisionstechnik"},"image":{"@id":"https:\/\/armbruster.com\/fr\/#\/schema\/logo\/image\/"}}]}},"_links":{"self":[{"href":"https:\/\/armbruster.com\/fr\/wp-json\/wp\/v2\/pages\/7290","targetHints":{"allow":["GET"]}}],"collection":[{"href":"https:\/\/armbruster.com\/fr\/wp-json\/wp\/v2\/pages"}],"about":[{"href":"https:\/\/armbruster.com\/fr\/wp-json\/wp\/v2\/types\/page"}],"author":[{"embeddable":true,"href":"https:\/\/armbruster.com\/fr\/wp-json\/wp\/v2\/users\/1"}],"replies":[{"embeddable":true,"href":"https:\/\/armbruster.com\/fr\/wp-json\/wp\/v2\/comments?post=7290"}],"version-history":[{"count":1,"href":"https:\/\/armbruster.com\/fr\/wp-json\/wp\/v2\/pages\/7290\/revisions"}],"predecessor-version":[{"id":7291,"href":"https:\/\/armbruster.com\/fr\/wp-json\/wp\/v2\/pages\/7290\/revisions\/7291"}],"wp:attachment":[{"href":"https:\/\/armbruster.com\/fr\/wp-json\/wp\/v2\/media?parent=7290"}],"curies":[{"name":"wp","href":"https:\/\/api.w.org\/{rel}","templated":true}]}}