{"id":7292,"date":"2025-05-21T10:25:15","date_gmt":"2025-05-21T08:25:15","guid":{"rendered":"https:\/\/armbruster.com\/telechargements\/"},"modified":"2026-01-05T12:11:31","modified_gmt":"2026-01-05T11:11:31","slug":"telechargements","status":"publish","type":"page","link":"https:\/\/armbruster.com\/fr\/telechargements\/","title":{"rendered":"T\u00e9l\u00e9chargements"},"content":{"rendered":"\t\t<div data-elementor-type=\"wp-page\" data-elementor-id=\"7292\" class=\"elementor elementor-7292 elementor-4878\" data-elementor-post-type=\"page\">\n\t\t\t\t<div class=\"elementor-element elementor-element-9ac0717 header-type-downloads e-flex e-con-boxed e-con e-parent\" data-id=\"9ac0717\" data-element_type=\"container\">\n\t\t\t\t\t<div class=\"e-con-inner\">\n\t\t<div class=\"elementor-element elementor-element-45abe94 e-con-full e-flex e-con e-child\" data-id=\"45abe94\" data-element_type=\"container\">\n\t\t\t\t<div class=\"elementor-element elementor-element-c77f423 elementor-widget elementor-widget-breadcrumbs\" data-id=\"c77f423\" data-element_type=\"widget\" data-widget_type=\"breadcrumbs.default\">\n\t\t\t\t<div class=\"elementor-widget-container\">\n\t\t\t\t\t<p id=\"breadcrumbs\"><span><span><a href=\"https:\/\/armbruster.com\/fr\/page-daccueil\/\">Startseite<\/a><\/span><\/span><\/p>\t\t\t\t<\/div>\n\t\t\t\t<\/div>\n\t\t\t\t<div class=\"elementor-element elementor-element-534487a elementor-widget__width-inherit elementor-widget elementor-widget-heading\" data-id=\"534487a\" data-element_type=\"widget\" data-widget_type=\"heading.default\">\n\t\t\t\t<div class=\"elementor-widget-container\">\n\t\t\t\t\t<h1 class=\"elementor-heading-title elementor-size-default\">T\u00e9l\u00e9chargements<\/h1>\t\t\t\t<\/div>\n\t\t\t\t<\/div>\n\t\t\t\t<div class=\"elementor-element elementor-element-76ba61c elementor-widget-tablet__width-inherit elementor-widget__width-initial elementor-widget-mobile__width-inherit elementor-widget elementor-widget-text-editor\" data-id=\"76ba61c\" data-element_type=\"widget\" data-widget_type=\"text-editor.default\">\n\t\t\t\t<div class=\"elementor-widget-container\">\n\t\t\t\t\t\t\t\t\t<p><span data-teams=\"true\">Vous trouverez ici des informations actuelles, des fiches techniques et des documents compl\u00e9mentaires sur nos produits et prestations.<\/span><\/p>\t\t\t\t\t\t\t\t<\/div>\n\t\t\t\t<\/div>\n\t\t\t\t<\/div>\n\t\t\t\t\t<\/div>\n\t\t\t\t<\/div>\n\t\t<div class=\"elementor-element elementor-element-909f8d9 e-flex e-con-boxed e-con e-parent\" data-id=\"909f8d9\" data-element_type=\"container\">\n\t\t\t\t\t<div class=\"e-con-inner\">\n\t\t\t\t<div class=\"elementor-element elementor-element-c2b3be9 elementor-widget elementor-widget-heading\" data-id=\"c2b3be9\" data-element_type=\"widget\" data-widget_type=\"heading.default\">\n\t\t\t\t<div class=\"elementor-widget-container\">\n\t\t\t\t\t<h2 class=\"elementor-heading-title elementor-size-default\">Certificats &amp; attestations<\/h2>\t\t\t\t<\/div>\n\t\t\t\t<\/div>\n\t\t<div class=\"elementor-element elementor-element-54dbb32 e-con-full e-flex e-con e-child\" data-id=\"54dbb32\" data-element_type=\"container\">\n\t\t\t\t<div class=\"elementor-element elementor-element-e106ac4 elementor-position-inline-end download-icon-box elementor-mobile-position-inline-end elementor-view-default elementor-widget elementor-widget-icon-box\" data-id=\"e106ac4\" data-element_type=\"widget\" data-widget_type=\"icon-box.default\">\n\t\t\t\t<div class=\"elementor-widget-container\">\n\t\t\t\t\t\t\t<div class=\"elementor-icon-box-wrapper\">\n\n\t\t\t\t\t\t<div class=\"elementor-icon-box-icon\">\n\t\t\t\t<a href=\"\/wp-content\/uploads\/2025\/03\/armbruster-din-en-iso-9001-2015-de.pdf\" target=\"_blank\" class=\"elementor-icon\" tabindex=\"-1\" aria-label=\"DIN EN ISO 9001:2015 Allemand\">\n\t\t\t\t<svg xmlns=\"http:\/\/www.w3.org\/2000\/svg\" width=\"26\" height=\"32\" viewBox=\"0 0 26 32\" fill=\"none\"><g id=\"Icon\"><path id=\"Icon ionic-md-arrow-dropdown\" fill-rule=\"evenodd\" clip-rule=\"evenodd\" d=\"M0 0.229004L12.9961 13.2251L25.9922 0.229004L0 0.229004Z\" fill=\"#0000FE\"><\/path><path id=\"Pfad 28457\" fill-rule=\"evenodd\" clip-rule=\"evenodd\" d=\"M25.0501 31.7702H0.927979V24.348H25.0501V31.7702Z\" fill=\"#0000FE\"><\/path><\/g><\/svg>\t\t\t\t<\/a>\n\t\t\t<\/div>\n\t\t\t\n\t\t\t\t\t\t<div class=\"elementor-icon-box-content\">\n\n\t\t\t\t\t\t\t\t\t<div class=\"elementor-icon-box-title\">\n\t\t\t\t\t\t<a href=\"\/wp-content\/uploads\/2025\/03\/armbruster-din-en-iso-9001-2015-de.pdf\" target=\"_blank\" >\n\t\t\t\t\t\t\tDIN EN ISO 9001:2015 Allemand\t\t\t\t\t\t<\/a>\n\t\t\t\t\t<\/div>\n\t\t\t\t\n\t\t\t\t\t\t\t\t\t<p class=\"elementor-icon-box-description\">\n\t\t\t\t\t\tPDF | 0.2 MB\t\t\t\t\t<\/p>\n\t\t\t\t\n\t\t\t<\/div>\n\t\t\t\n\t\t<\/div>\n\t\t\t\t\t\t<\/div>\n\t\t\t\t<\/div>\n\t\t\t\t<div class=\"elementor-element elementor-element-10c34f4 elementor-position-inline-end download-icon-box elementor-mobile-position-inline-end elementor-view-default elementor-widget elementor-widget-icon-box\" data-id=\"10c34f4\" data-element_type=\"widget\" data-widget_type=\"icon-box.default\">\n\t\t\t\t<div class=\"elementor-widget-container\">\n\t\t\t\t\t\t\t<div class=\"elementor-icon-box-wrapper\">\n\n\t\t\t\t\t\t<div class=\"elementor-icon-box-icon\">\n\t\t\t\t<a href=\"\/wp-content\/uploads\/2025\/03\/armbruster-din-en-iso-9001-2015-en.pdf\" target=\"_blank\" class=\"elementor-icon\" tabindex=\"-1\" aria-label=\"DIN EN ISO 9001:2015 Anglais\">\n\t\t\t\t<svg xmlns=\"http:\/\/www.w3.org\/2000\/svg\" width=\"26\" height=\"32\" viewBox=\"0 0 26 32\" fill=\"none\"><g id=\"Icon\"><path id=\"Icon ionic-md-arrow-dropdown\" fill-rule=\"evenodd\" clip-rule=\"evenodd\" d=\"M0 0.229004L12.9961 13.2251L25.9922 0.229004L0 0.229004Z\" fill=\"#0000FE\"><\/path><path id=\"Pfad 28457\" fill-rule=\"evenodd\" clip-rule=\"evenodd\" d=\"M25.0501 31.7702H0.927979V24.348H25.0501V31.7702Z\" fill=\"#0000FE\"><\/path><\/g><\/svg>\t\t\t\t<\/a>\n\t\t\t<\/div>\n\t\t\t\n\t\t\t\t\t\t<div class=\"elementor-icon-box-content\">\n\n\t\t\t\t\t\t\t\t\t<div class=\"elementor-icon-box-title\">\n\t\t\t\t\t\t<a href=\"\/wp-content\/uploads\/2025\/03\/armbruster-din-en-iso-9001-2015-en.pdf\" target=\"_blank\" >\n\t\t\t\t\t\t\tDIN EN ISO 9001:2015 Anglais\t\t\t\t\t\t<\/a>\n\t\t\t\t\t<\/div>\n\t\t\t\t\n\t\t\t\t\t\t\t\t\t<p class=\"elementor-icon-box-description\">\n\t\t\t\t\t\tPDF | 0.2 MB\t\t\t\t\t<\/p>\n\t\t\t\t\n\t\t\t<\/div>\n\t\t\t\n\t\t<\/div>\n\t\t\t\t\t\t<\/div>\n\t\t\t\t<\/div>\n\t\t\t\t<div class=\"elementor-element elementor-element-231431a elementor-position-inline-end download-icon-box elementor-mobile-position-inline-end elementor-view-default elementor-widget elementor-widget-icon-box\" data-id=\"231431a\" data-element_type=\"widget\" data-widget_type=\"icon-box.default\">\n\t\t\t\t<div class=\"elementor-widget-container\">\n\t\t\t\t\t\t\t<div class=\"elementor-icon-box-wrapper\">\n\n\t\t\t\t\t\t<div class=\"elementor-icon-box-icon\">\n\t\t\t\t<a href=\"\/wp-content\/uploads\/2025\/03\/armbruster-din-en-iso-13485-2021-de.pdf\" target=\"_blank\" class=\"elementor-icon\" tabindex=\"-1\" aria-label=\"DIN EN ISO 13485:2021Allemand\">\n\t\t\t\t<svg xmlns=\"http:\/\/www.w3.org\/2000\/svg\" width=\"26\" height=\"32\" viewBox=\"0 0 26 32\" fill=\"none\"><g id=\"Icon\"><path id=\"Icon ionic-md-arrow-dropdown\" fill-rule=\"evenodd\" clip-rule=\"evenodd\" d=\"M0 0.229004L12.9961 13.2251L25.9922 0.229004L0 0.229004Z\" fill=\"#0000FE\"><\/path><path id=\"Pfad 28457\" fill-rule=\"evenodd\" clip-rule=\"evenodd\" d=\"M25.0501 31.7702H0.927979V24.348H25.0501V31.7702Z\" fill=\"#0000FE\"><\/path><\/g><\/svg>\t\t\t\t<\/a>\n\t\t\t<\/div>\n\t\t\t\n\t\t\t\t\t\t<div class=\"elementor-icon-box-content\">\n\n\t\t\t\t\t\t\t\t\t<div class=\"elementor-icon-box-title\">\n\t\t\t\t\t\t<a href=\"\/wp-content\/uploads\/2025\/03\/armbruster-din-en-iso-13485-2021-de.pdf\" target=\"_blank\" >\n\t\t\t\t\t\t\tDIN EN ISO 13485:2021Allemand\t\t\t\t\t\t<\/a>\n\t\t\t\t\t<\/div>\n\t\t\t\t\n\t\t\t\t\t\t\t\t\t<p class=\"elementor-icon-box-description\">\n\t\t\t\t\t\tPDF | 0.2 MB\t\t\t\t\t<\/p>\n\t\t\t\t\n\t\t\t<\/div>\n\t\t\t\n\t\t<\/div>\n\t\t\t\t\t\t<\/div>\n\t\t\t\t<\/div>\n\t\t\t\t<div class=\"elementor-element elementor-element-6f7402b elementor-position-inline-end download-icon-box elementor-mobile-position-inline-end elementor-view-default elementor-widget elementor-widget-icon-box\" data-id=\"6f7402b\" data-element_type=\"widget\" data-widget_type=\"icon-box.default\">\n\t\t\t\t<div class=\"elementor-widget-container\">\n\t\t\t\t\t\t\t<div class=\"elementor-icon-box-wrapper\">\n\n\t\t\t\t\t\t<div class=\"elementor-icon-box-icon\">\n\t\t\t\t<a href=\"\/wp-content\/uploads\/2025\/03\/armbruster-din-en-iso-13485-2021-en.pdf\" target=\"_blank\" class=\"elementor-icon\" tabindex=\"-1\" aria-label=\"DIN EN ISO 13485:2021Anglais\">\n\t\t\t\t<svg xmlns=\"http:\/\/www.w3.org\/2000\/svg\" width=\"26\" height=\"32\" viewBox=\"0 0 26 32\" fill=\"none\"><g id=\"Icon\"><path id=\"Icon ionic-md-arrow-dropdown\" fill-rule=\"evenodd\" clip-rule=\"evenodd\" d=\"M0 0.229004L12.9961 13.2251L25.9922 0.229004L0 0.229004Z\" fill=\"#0000FE\"><\/path><path id=\"Pfad 28457\" fill-rule=\"evenodd\" clip-rule=\"evenodd\" d=\"M25.0501 31.7702H0.927979V24.348H25.0501V31.7702Z\" fill=\"#0000FE\"><\/path><\/g><\/svg>\t\t\t\t<\/a>\n\t\t\t<\/div>\n\t\t\t\n\t\t\t\t\t\t<div class=\"elementor-icon-box-content\">\n\n\t\t\t\t\t\t\t\t\t<div class=\"elementor-icon-box-title\">\n\t\t\t\t\t\t<a href=\"\/wp-content\/uploads\/2025\/03\/armbruster-din-en-iso-13485-2021-en.pdf\" target=\"_blank\" >\n\t\t\t\t\t\t\tDIN EN ISO 13485:2021Anglais\t\t\t\t\t\t<\/a>\n\t\t\t\t\t<\/div>\n\t\t\t\t\n\t\t\t\t\t\t\t\t\t<p class=\"elementor-icon-box-description\">\n\t\t\t\t\t\tPDF | 0.2 MB\t\t\t\t\t<\/p>\n\t\t\t\t\n\t\t\t<\/div>\n\t\t\t\n\t\t<\/div>\n\t\t\t\t\t\t<\/div>\n\t\t\t\t<\/div>\n\t\t\t\t<\/div>\n\t\t\t\t\t<\/div>\n\t\t\t\t<\/div>\n\t\t<div class=\"elementor-element elementor-element-a068098 contact-section-corners e-flex e-con-boxed e-con e-parent\" data-id=\"a068098\" data-element_type=\"container\">\n\t\t\t\t\t<div class=\"e-con-inner\">\n\t\t\t\t<div class=\"elementor-element elementor-element-f77603a elementor-widget elementor-widget-heading\" data-id=\"f77603a\" data-element_type=\"widget\" data-widget_type=\"heading.default\">\n\t\t\t\t<div class=\"elementor-widget-container\">\n\t\t\t\t\t<h2 class=\"elementor-heading-title elementor-size-default\">Vous ne trouvez pas ce que vous cherchez ?<\/h2>\t\t\t\t<\/div>\n\t\t\t\t<\/div>\n\t\t<div class=\"elementor-element elementor-element-4aace63 e-con-full e-flex e-con e-child\" data-id=\"4aace63\" data-element_type=\"container\">\n\t\t\t\t<div class=\"elementor-element elementor-element-cc8bdce elementor-widget elementor-widget-text-editor\" data-id=\"cc8bdce\" data-element_type=\"widget\" data-widget_type=\"text-editor.default\">\n\t\t\t\t<div class=\"elementor-widget-container\">\n\t\t\t\t\t\t\t\t\t<p><span data-teams=\"true\">Nous sommes \u00e0 votre disposition pour vous aider et vous fournir les documents appropri\u00e9s sur demande.<\/span><\/p>\t\t\t\t\t\t\t\t<\/div>\n\t\t\t\t<\/div>\n\t\t\t\t<div class=\"elementor-element elementor-element-8d2c5c1 elementor-widget elementor-widget-text-editor\" data-id=\"8d2c5c1\" data-element_type=\"widget\" data-widget_type=\"text-editor.default\">\n\t\t\t\t<div class=\"elementor-widget-container\">\n\t\t\t\t\t\t\t\t\t<p><a href=\"tel:+497832975910\">+49 7832 97591-0<\/a> <br><a href=\"mailto:info@armbruster.com\">info@armbruster.com<\/a><\/p>\t\t\t\t\t\t\t\t<\/div>\n\t\t\t\t<\/div>\n\t\t\t\t<\/div>\n\t\t\t\t<div class=\"elementor-element elementor-element-3048e8e elementor-widget elementor-widget-button\" data-id=\"3048e8e\" data-element_type=\"widget\" data-widget_type=\"button.default\">\n\t\t\t\t<div class=\"elementor-widget-container\">\n\t\t\t\t\t\t\t\t\t<div class=\"elementor-button-wrapper\">\n\t\t\t\t\t<a class=\"elementor-button elementor-button-link elementor-size-sm\" href=\"https:\/\/armbruster.com\/fr\/contact\/#kontaktformular\">\n\t\t\t\t\t\t<span class=\"elementor-button-content-wrapper\">\n\t\t\t\t\t\t<span class=\"elementor-button-icon\">\n\t\t\t\t<svg xmlns=\"http:\/\/www.w3.org\/2000\/svg\" width=\"4\" height=\"8\" viewBox=\"0 0 4 8\" fill=\"none\"><path id=\"Icon ionic-md-arrow-dropdown\" fill-rule=\"evenodd\" clip-rule=\"evenodd\" d=\"M0 8L4 4L0 0L0 8Z\" fill=\"#0000FE\"><\/path><\/svg>\t\t\t<\/span>\n\t\t\t\t\t\t\t\t\t<span class=\"elementor-button-text\">Vers le formulaire de contact<\/span>\n\t\t\t\t\t<\/span>\n\t\t\t\t\t<\/a>\n\t\t\t\t<\/div>\n\t\t\t\t\t\t\t\t<\/div>\n\t\t\t\t<\/div>\n\t\t\t\t\t<\/div>\n\t\t\t\t<\/div>\n\t\t\t\t<\/div>\n\t\t","protected":false},"excerpt":{"rendered":"<p>T\u00e9l\u00e9chargements Vous trouverez ici des informations actuelles, des fiches techniques et des documents compl\u00e9mentaires sur nos produits et prestations. Certificats &amp; attestations DIN EN ISO 9001:2015 Allemand PDF | 0.2 MB DIN EN ISO 9001:2015 Anglais PDF | 0.2 MB DIN EN ISO 13485:2021Allemand PDF | 0.2 MB DIN EN ISO 13485:2021Anglais PDF | 0.2 [&hellip;]<\/p>\n","protected":false},"author":1,"featured_media":0,"parent":0,"menu_order":100,"comment_status":"closed","ping_status":"closed","template":"elementor_theme","meta":{"_acf_changed":false,"footnotes":""},"class_list":["post-7292","page","type-page","status-publish","hentry"],"acf":[],"yoast_head":"<!-- This site is optimized with the Yoast SEO plugin v26.7 - https:\/\/yoast.com\/wordpress\/plugins\/seo\/ -->\n<title>T\u00e9l\u00e9chargements - Armbruster GmbH \u2013 Medizintechnik | Pr\u00e4zisionstechnik<\/title>\n<meta name=\"robots\" content=\"index, follow, max-snippet:-1, max-image-preview:large, max-video-preview:-1\" \/>\n<link rel=\"canonical\" href=\"https:\/\/armbruster.com\/fr\/telechargements\/\" \/>\n<meta property=\"og:locale\" content=\"fr_FR\" \/>\n<meta property=\"og:type\" content=\"article\" \/>\n<meta property=\"og:title\" content=\"T\u00e9l\u00e9chargements - Armbruster GmbH \u2013 Medizintechnik | Pr\u00e4zisionstechnik\" \/>\n<meta property=\"og:description\" content=\"T\u00e9l\u00e9chargements Vous trouverez ici des informations actuelles, des fiches techniques et des documents compl\u00e9mentaires sur nos produits et prestations. Certificats &amp; attestations DIN EN ISO 9001:2015 Allemand PDF | 0.2 MB DIN EN ISO 9001:2015 Anglais PDF | 0.2 MB DIN EN ISO 13485:2021Allemand PDF | 0.2 MB DIN EN ISO 13485:2021Anglais PDF | 0.2 [&hellip;]\" \/>\n<meta property=\"og:url\" content=\"https:\/\/armbruster.com\/fr\/telechargements\/\" \/>\n<meta property=\"og:site_name\" content=\"Armbruster GmbH \u2013 Medizintechnik | Pr\u00e4zisionstechnik\" \/>\n<meta property=\"article:modified_time\" content=\"2026-01-05T11:11:31+00:00\" \/>\n<meta name=\"twitter:card\" content=\"summary_large_image\" \/>\n<script type=\"application\/ld+json\" class=\"yoast-schema-graph\">{\"@context\":\"https:\/\/schema.org\",\"@graph\":[{\"@type\":\"WebPage\",\"@id\":\"https:\/\/armbruster.com\/fr\/telechargements\/\",\"url\":\"https:\/\/armbruster.com\/fr\/telechargements\/\",\"name\":\"T\u00e9l\u00e9chargements - Armbruster GmbH \u2013 Medizintechnik | Pr\u00e4zisionstechnik\",\"isPartOf\":{\"@id\":\"https:\/\/armbruster.com\/fr\/#website\"},\"datePublished\":\"2025-05-21T08:25:15+00:00\",\"dateModified\":\"2026-01-05T11:11:31+00:00\",\"breadcrumb\":{\"@id\":\"https:\/\/armbruster.com\/fr\/telechargements\/#breadcrumb\"},\"inLanguage\":\"fr-FR\",\"potentialAction\":[{\"@type\":\"ReadAction\",\"target\":[\"https:\/\/armbruster.com\/fr\/telechargements\/\"]}]},{\"@type\":\"BreadcrumbList\",\"@id\":\"https:\/\/armbruster.com\/fr\/telechargements\/#breadcrumb\",\"itemListElement\":[{\"@type\":\"ListItem\",\"position\":1,\"name\":\"Startseite\",\"item\":\"https:\/\/armbruster.com\/fr\/page-daccueil\/\"},{\"@type\":\"ListItem\",\"position\":2,\"name\":\"T\u00e9l\u00e9chargements\"}]},{\"@type\":\"WebSite\",\"@id\":\"https:\/\/armbruster.com\/fr\/#website\",\"url\":\"https:\/\/armbruster.com\/fr\/\",\"name\":\"Armbruster GmbH \u2013 Medizintechnik | Pr\u00e4zisionstechnik\",\"description\":\"Steinach im Kinzigtal  \u2013 Medizin + Industrie\",\"publisher\":{\"@id\":\"https:\/\/armbruster.com\/fr\/#organization\"},\"potentialAction\":[{\"@type\":\"SearchAction\",\"target\":{\"@type\":\"EntryPoint\",\"urlTemplate\":\"https:\/\/armbruster.com\/fr\/?s={search_term_string}\"},\"query-input\":{\"@type\":\"PropertyValueSpecification\",\"valueRequired\":true,\"valueName\":\"search_term_string\"}}],\"inLanguage\":\"fr-FR\"},{\"@type\":\"Organization\",\"@id\":\"https:\/\/armbruster.com\/fr\/#organization\",\"name\":\"Armbruster GmbH \u2013 Medizintechnik | Pr\u00e4zisionstechnik\",\"url\":\"https:\/\/armbruster.com\/fr\/\",\"logo\":{\"@type\":\"ImageObject\",\"inLanguage\":\"fr-FR\",\"@id\":\"https:\/\/armbruster.com\/fr\/#\/schema\/logo\/image\/\",\"url\":\"https:\/\/armbruster.com\/wp-content\/uploads\/2023\/10\/logo.svg\",\"contentUrl\":\"https:\/\/armbruster.com\/wp-content\/uploads\/2023\/10\/logo.svg\",\"width\":323,\"height\":53,\"caption\":\"Armbruster GmbH \u2013 Medizintechnik | Pr\u00e4zisionstechnik\"},\"image\":{\"@id\":\"https:\/\/armbruster.com\/fr\/#\/schema\/logo\/image\/\"}}]}<\/script>\n<!-- \/ Yoast SEO plugin. -->","yoast_head_json":{"title":"T\u00e9l\u00e9chargements - Armbruster GmbH \u2013 Medizintechnik | Pr\u00e4zisionstechnik","robots":{"index":"index","follow":"follow","max-snippet":"max-snippet:-1","max-image-preview":"max-image-preview:large","max-video-preview":"max-video-preview:-1"},"canonical":"https:\/\/armbruster.com\/fr\/telechargements\/","og_locale":"fr_FR","og_type":"article","og_title":"T\u00e9l\u00e9chargements - Armbruster GmbH \u2013 Medizintechnik | Pr\u00e4zisionstechnik","og_description":"T\u00e9l\u00e9chargements Vous trouverez ici des informations actuelles, des fiches techniques et des documents compl\u00e9mentaires sur nos produits et prestations. Certificats &amp; attestations DIN EN ISO 9001:2015 Allemand PDF | 0.2 MB DIN EN ISO 9001:2015 Anglais PDF | 0.2 MB DIN EN ISO 13485:2021Allemand PDF | 0.2 MB DIN EN ISO 13485:2021Anglais PDF | 0.2 [&hellip;]","og_url":"https:\/\/armbruster.com\/fr\/telechargements\/","og_site_name":"Armbruster GmbH \u2013 Medizintechnik | Pr\u00e4zisionstechnik","article_modified_time":"2026-01-05T11:11:31+00:00","twitter_card":"summary_large_image","schema":{"@context":"https:\/\/schema.org","@graph":[{"@type":"WebPage","@id":"https:\/\/armbruster.com\/fr\/telechargements\/","url":"https:\/\/armbruster.com\/fr\/telechargements\/","name":"T\u00e9l\u00e9chargements - Armbruster GmbH \u2013 Medizintechnik | Pr\u00e4zisionstechnik","isPartOf":{"@id":"https:\/\/armbruster.com\/fr\/#website"},"datePublished":"2025-05-21T08:25:15+00:00","dateModified":"2026-01-05T11:11:31+00:00","breadcrumb":{"@id":"https:\/\/armbruster.com\/fr\/telechargements\/#breadcrumb"},"inLanguage":"fr-FR","potentialAction":[{"@type":"ReadAction","target":["https:\/\/armbruster.com\/fr\/telechargements\/"]}]},{"@type":"BreadcrumbList","@id":"https:\/\/armbruster.com\/fr\/telechargements\/#breadcrumb","itemListElement":[{"@type":"ListItem","position":1,"name":"Startseite","item":"https:\/\/armbruster.com\/fr\/page-daccueil\/"},{"@type":"ListItem","position":2,"name":"T\u00e9l\u00e9chargements"}]},{"@type":"WebSite","@id":"https:\/\/armbruster.com\/fr\/#website","url":"https:\/\/armbruster.com\/fr\/","name":"Armbruster GmbH \u2013 Medizintechnik | Pr\u00e4zisionstechnik","description":"Steinach im Kinzigtal  \u2013 Medizin + Industrie","publisher":{"@id":"https:\/\/armbruster.com\/fr\/#organization"},"potentialAction":[{"@type":"SearchAction","target":{"@type":"EntryPoint","urlTemplate":"https:\/\/armbruster.com\/fr\/?s={search_term_string}"},"query-input":{"@type":"PropertyValueSpecification","valueRequired":true,"valueName":"search_term_string"}}],"inLanguage":"fr-FR"},{"@type":"Organization","@id":"https:\/\/armbruster.com\/fr\/#organization","name":"Armbruster GmbH \u2013 Medizintechnik | Pr\u00e4zisionstechnik","url":"https:\/\/armbruster.com\/fr\/","logo":{"@type":"ImageObject","inLanguage":"fr-FR","@id":"https:\/\/armbruster.com\/fr\/#\/schema\/logo\/image\/","url":"https:\/\/armbruster.com\/wp-content\/uploads\/2023\/10\/logo.svg","contentUrl":"https:\/\/armbruster.com\/wp-content\/uploads\/2023\/10\/logo.svg","width":323,"height":53,"caption":"Armbruster GmbH \u2013 Medizintechnik | Pr\u00e4zisionstechnik"},"image":{"@id":"https:\/\/armbruster.com\/fr\/#\/schema\/logo\/image\/"}}]}},"_links":{"self":[{"href":"https:\/\/armbruster.com\/fr\/wp-json\/wp\/v2\/pages\/7292","targetHints":{"allow":["GET"]}}],"collection":[{"href":"https:\/\/armbruster.com\/fr\/wp-json\/wp\/v2\/pages"}],"about":[{"href":"https:\/\/armbruster.com\/fr\/wp-json\/wp\/v2\/types\/page"}],"author":[{"embeddable":true,"href":"https:\/\/armbruster.com\/fr\/wp-json\/wp\/v2\/users\/1"}],"replies":[{"embeddable":true,"href":"https:\/\/armbruster.com\/fr\/wp-json\/wp\/v2\/comments?post=7292"}],"version-history":[{"count":1,"href":"https:\/\/armbruster.com\/fr\/wp-json\/wp\/v2\/pages\/7292\/revisions"}],"predecessor-version":[{"id":7293,"href":"https:\/\/armbruster.com\/fr\/wp-json\/wp\/v2\/pages\/7292\/revisions\/7293"}],"wp:attachment":[{"href":"https:\/\/armbruster.com\/fr\/wp-json\/wp\/v2\/media?parent=7292"}],"curies":[{"name":"wp","href":"https:\/\/api.w.org\/{rel}","templated":true}]}}