{"id":7294,"date":"2024-09-20T11:13:30","date_gmt":"2024-09-20T09:13:30","guid":{"rendered":"https:\/\/armbruster.com\/accessibilite\/"},"modified":"2026-01-05T12:20:50","modified_gmt":"2026-01-05T11:20:50","slug":"accessibilite","status":"publish","type":"page","link":"https:\/\/armbruster.com\/fr\/accessibilite\/","title":{"rendered":"Accessibilit\u00e9"},"content":{"rendered":"\t\t<div data-elementor-type=\"wp-page\" data-elementor-id=\"7294\" class=\"elementor elementor-7294 elementor-220\" data-elementor-post-type=\"page\">\n\t\t\t\t<div class=\"elementor-element elementor-element-300658e e-flex e-con-boxed e-con e-parent\" data-id=\"300658e\" data-element_type=\"container\" data-settings=\"{&quot;background_background&quot;:&quot;classic&quot;}\">\n\t\t\t\t\t<div class=\"e-con-inner\">\n\t\t\t\t<div class=\"elementor-element elementor-element-dd6b89d elementor-widget elementor-widget-heading\" data-id=\"dd6b89d\" data-element_type=\"widget\" data-widget_type=\"heading.default\">\n\t\t\t\t<div class=\"elementor-widget-container\">\n\t\t\t\t\t<h1 class=\"elementor-heading-title elementor-size-default\">D\u00e9claration relative \u00e0 l'accessibilit\u00e9<\/h1>\t\t\t\t<\/div>\n\t\t\t\t<\/div>\n\t\t<div class=\"elementor-element elementor-element-a0e0c49 e-con-full e-flex e-con e-child\" data-id=\"a0e0c49\" data-element_type=\"container\">\n\t\t\t\t<div class=\"elementor-element elementor-element-0cfa8ca elementor-widget elementor-widget-text-editor\" data-id=\"0cfa8ca\" data-element_type=\"widget\" data-widget_type=\"text-editor.default\">\n\t\t\t\t<div class=\"elementor-widget-container\">\n\t\t\t\t\t\t\t\t\t<p>La soci\u00e9t\u00e9 Armbruster GmbH s&rsquo;efforce de rendre son site web accessible conform\u00e9ment au \u00a7 11, alin\u00e9a 1 de la loi sur l&rsquo;\u00e9galit\u00e9 des personnes handicap\u00e9es (LBGG) et aux exigences en mati\u00e8re d&rsquo;accessibilit\u00e9 pr\u00e9vues au \u00a7 13, alin\u00e9a 3 de la LBGG.<\/p><p>Cette d\u00e9claration relative \u00e0 l&rsquo;accessibilit\u00e9 s&rsquo;applique au site armbruster.com.<\/p>\t\t\t\t\t\t\t\t<\/div>\n\t\t\t\t<\/div>\n\t\t\t\t<\/div>\n\t\t<div class=\"elementor-element elementor-element-0b70cbf e-con-full e-flex e-con e-child\" data-id=\"0b70cbf\" data-element_type=\"container\">\n\t\t\t\t<div class=\"elementor-element elementor-element-463b208 elementor-widget elementor-widget-heading\" data-id=\"463b208\" data-element_type=\"widget\" data-widget_type=\"heading.default\">\n\t\t\t\t<div class=\"elementor-widget-container\">\n\t\t\t\t\t<div class=\"elementor-heading-title elementor-size-default\">\u00c9tat de conformit\u00e9 aux exigences<\/div>\t\t\t\t<\/div>\n\t\t\t\t<\/div>\n\t\t\t\t<div class=\"elementor-element elementor-element-ba4673e elementor-widget elementor-widget-text-editor\" data-id=\"ba4673e\" data-element_type=\"widget\" data-widget_type=\"text-editor.default\">\n\t\t\t\t<div class=\"elementor-widget-container\">\n\t\t\t\t\t\t\t\t\t<p>Ce site web est partiellement conforme \u00e0 l&rsquo;article 13, paragraphe 3, de la LBGG.<\/p>\t\t\t\t\t\t\t\t<\/div>\n\t\t\t\t<\/div>\n\t\t\t\t<\/div>\n\t\t<div class=\"elementor-element elementor-element-cec4266 e-con-full e-flex e-con e-child\" data-id=\"cec4266\" data-element_type=\"container\">\n\t\t\t\t<div class=\"elementor-element elementor-element-4b3c207 elementor-widget elementor-widget-heading\" data-id=\"4b3c207\" data-element_type=\"widget\" data-widget_type=\"heading.default\">\n\t\t\t\t<div class=\"elementor-widget-container\">\n\t\t\t\t\t<div class=\"elementor-heading-title elementor-size-default\">Zones non accessibles<\/div>\t\t\t\t<\/div>\n\t\t\t\t<\/div>\n\t\t\t\t<div class=\"elementor-element elementor-element-2b4ef95 elementor-widget elementor-widget-text-editor\" data-id=\"2b4ef95\" data-element_type=\"widget\" data-widget_type=\"text-editor.default\">\n\t\t\t\t<div class=\"elementor-widget-container\">\n\t\t\t\t\t\t\t\t\t<p>Les contenus suivants ne sont pas accessibles :<\/p><ul><li>T\u00e9l\u00e9chargements PDF<\/li><li>Vid\u00e9os<\/li><li>certaines pages de notre site qui sont encore en cours de r\u00e9vision<\/li><\/ul>\t\t\t\t\t\t\t\t<\/div>\n\t\t\t\t<\/div>\n\t\t\t\t<\/div>\n\t\t<div class=\"elementor-element elementor-element-5c2bc07 e-con-full e-flex e-con e-child\" data-id=\"5c2bc07\" data-element_type=\"container\">\n\t\t\t\t<div class=\"elementor-element elementor-element-5a124e5 elementor-widget elementor-widget-heading\" data-id=\"5a124e5\" data-element_type=\"widget\" data-widget_type=\"heading.default\">\n\t\t\t\t<div class=\"elementor-widget-container\">\n\t\t\t\t\t<div class=\"elementor-heading-title elementor-size-default\">R\u00e9daction de cette d\u00e9claration relative \u00e0 l'accessibilit\u00e9<\/div>\t\t\t\t<\/div>\n\t\t\t\t<\/div>\n\t\t\t\t<div class=\"elementor-element elementor-element-ad9eeb5 elementor-widget elementor-widget-text-editor\" data-id=\"ad9eeb5\" data-element_type=\"widget\" data-widget_type=\"text-editor.default\">\n\t\t\t\t<div class=\"elementor-widget-container\">\n\t\t\t\t\t\t\t\t\t<p>Cette d\u00e9claration a \u00e9t\u00e9 cr\u00e9\u00e9e le 27\/03\/2025.<\/p><p>Les d\u00e9clarations relatives \u00e0 la conformit\u00e9 aux exigences d&rsquo;accessibilit\u00e9 contenues dans cette d\u00e9claration sont bas\u00e9es sur une auto-\u00e9valuation.<\/p><p>La d\u00e9claration a \u00e9t\u00e9 v\u00e9rifi\u00e9e pour la derni\u00e8re fois le 27\/03\/2025.<\/p>\t\t\t\t\t\t\t\t<\/div>\n\t\t\t\t<\/div>\n\t\t\t\t<\/div>\n\t\t<div class=\"elementor-element elementor-element-754a910 e-con-full e-flex e-con e-child\" data-id=\"754a910\" data-element_type=\"container\">\n\t\t\t\t<div class=\"elementor-element elementor-element-a407a4f elementor-widget elementor-widget-heading\" data-id=\"a407a4f\" data-element_type=\"widget\" data-widget_type=\"heading.default\">\n\t\t\t\t<div class=\"elementor-widget-container\">\n\t\t\t\t\t<div class=\"elementor-heading-title elementor-size-default\">Commentaires et coordonn\u00e9es<\/div>\t\t\t\t<\/div>\n\t\t\t\t<\/div>\n\t\t\t\t<div class=\"elementor-element elementor-element-cb0c483 elementor-widget elementor-widget-text-editor\" data-id=\"cb0c483\" data-element_type=\"widget\" data-widget_type=\"text-editor.default\">\n\t\t\t\t<div class=\"elementor-widget-container\">\n\t\t\t\t\t\t\t\t\t<p>Vous souhaitez nous signaler des obstacles existants ou demander des informations sur la mise en \u0153uvre de l&rsquo;accessibilit\u00e9 ? N&rsquo;h\u00e9sitez pas \u00e0 nous contacter pour nous faire part de vos commentaires ou obtenir de plus amples informations : <\/p><p><strong>Armbruster GmbH<\/strong><br>Josef-Maier-Str. 6, D-77790 Steinach, Allemagne<br>E-Mail: <a href=\"mailto:info@armbruster.com\">info@armbruster.com<\/a><br>T\u00e9l\u00e9phone: <a href=\"tel:+497832975910\">+49 7832 97591-0<\/a> <br><br><\/p>\t\t\t\t\t\t\t\t<\/div>\n\t\t\t\t<\/div>\n\t\t\t\t<\/div>\n\t\t<div class=\"elementor-element elementor-element-dda72b6 e-con-full e-flex e-con e-child\" data-id=\"dda72b6\" data-element_type=\"container\">\n\t\t\t\t<div class=\"elementor-element elementor-element-7594a4c elementor-widget elementor-widget-heading\" data-id=\"7594a4c\" data-element_type=\"widget\" data-widget_type=\"heading.default\">\n\t\t\t\t<div class=\"elementor-widget-container\">\n\t\t\t\t\t<div class=\"elementor-heading-title elementor-size-default\">Proc\u00e9dure de r\u00e9clamation<\/div>\t\t\t\t<\/div>\n\t\t\t\t<\/div>\n\t\t\t\t<div class=\"elementor-element elementor-element-b746da3 elementor-widget elementor-widget-text-editor\" data-id=\"b746da3\" data-element_type=\"widget\" data-widget_type=\"text-editor.default\">\n\t\t\t\t<div class=\"elementor-widget-container\">\n\t\t\t\t\t\t\t\t\t<p>Si, m\u00eame apr\u00e8s avoir fait part de vos commentaires \u00e0 la personne de contact susmentionn\u00e9e, aucune solution satisfaisante n&rsquo;a \u00e9t\u00e9 trouv\u00e9e, vous pouvez vous adresser \u00e0 la d\u00e9l\u00e9gu\u00e9e du gouvernement r\u00e9gional charg\u00e9e des questions relatives aux personnes handicap\u00e9es ou \u00e0 la d\u00e9l\u00e9gu\u00e9e communale charg\u00e9e des questions relatives aux personnes handicap\u00e9es dans le cadre de la fonction de m\u00e9diation d\u00e9crite \u00e0 l&rsquo;article 14, paragraphe 2, de la L-BGG et \u00e0 l&rsquo;article 15, paragraphe 3, phrase 2, de la L-BGG.<\/p><p>Vous pouvez contacter la d\u00e9l\u00e9gu\u00e9e du gouvernement r\u00e9gional charg\u00e9e des questions relatives aux personnes handicap\u00e9es comme suit :<\/p><p><strong>D\u00e9l\u00e9gu\u00e9e r\u00e9gionale aux personnes handicap\u00e9es Simone Fischer\u2028<\/strong><br>Bureau de la d\u00e9l\u00e9gu\u00e9e r\u00e9gionale aux personnes handicap\u00e9es\u2028<br>Else-Josenhans-Stra\u00dfe 6\u2028<br>D-70173 Stuttgart\u2028<br>Allemagne<br>T\u00e9l\u00e9phone: <a href=\"tel:+497112793360\">+49 (0)711 279 3360<\/a>\u2028<br>E-Mail: <a href=\"mailto:Poststelle@bfbmb.bwl.de\">Poststelle@bfbmb.bwl.de<\/a><\/p>\t\t\t\t\t\t\t\t<\/div>\n\t\t\t\t<\/div>\n\t\t\t\t<\/div>\n\t\t<div class=\"elementor-element elementor-element-8079a68 e-con-full e-flex e-con e-child\" data-id=\"8079a68\" data-element_type=\"container\">\n\t\t\t\t<div class=\"elementor-element elementor-element-0f5d2a7 elementor-widget elementor-widget-heading\" data-id=\"0f5d2a7\" data-element_type=\"widget\" data-widget_type=\"heading.default\">\n\t\t\t\t<div class=\"elementor-widget-container\">\n\t\t\t\t\t<div class=\"elementor-heading-title elementor-size-default\">Signaler les obstacles<\/div>\t\t\t\t<\/div>\n\t\t\t\t<\/div>\n\t\t\t\t<div class=\"elementor-element elementor-element-38fe436 elementor-widget elementor-widget-text-editor\" data-id=\"38fe436\" data-element_type=\"widget\" data-widget_type=\"text-editor.default\">\n\t\t\t\t<div class=\"elementor-widget-container\">\n\t\t\t\t\t\t\t\t\t<p>Votre remarque concernant un obstacle ou une erreur sur ce site Internet :<\/p>\t\t\t\t\t\t\t\t<\/div>\n\t\t\t\t<\/div>\n\t\t\t\t<div class=\"elementor-element elementor-element-717f8a8 elementor-button-align-start elementor-widget-mobile__width-inherit elementor-widget elementor-widget-form\" data-id=\"717f8a8\" data-element_type=\"widget\" data-settings=\"{&quot;step_next_label&quot;:&quot;Suivant&quot;,&quot;step_previous_label&quot;:&quot;Pr\\u00e9c\\u00e9dent&quot;,&quot;button_width&quot;:&quot;100&quot;,&quot;step_type&quot;:&quot;number_text&quot;,&quot;step_icon_shape&quot;:&quot;circle&quot;}\" data-widget_type=\"form.default\">\n\t\t\t\t<div class=\"elementor-widget-container\">\n\t\t\t\t\t\t\t<form class=\"elementor-form\" method=\"post\" name=\"Signaler les obstacles\" aria-label=\"Signaler les obstacles\">\n\t\t\t<input type=\"hidden\" name=\"post_id\" value=\"7294\"\/>\n\t\t\t<input type=\"hidden\" name=\"form_id\" value=\"717f8a8\"\/>\n\t\t\t<input type=\"hidden\" name=\"referer_title\" value=\"Armbruster GmbH \u2013 Medizintechnik | Pr\u00e4zisionstechnik\" \/>\n\n\t\t\t\n\t\t\t<div class=\"elementor-form-fields-wrapper elementor-labels-above\">\n\t\t\t\t\t\t\t\t<div class=\"elementor-field-type-text elementor-field-group elementor-column elementor-field-group-vorname elementor-col-50 elementor-field-required elementor-mark-required\">\n\t\t\t\t\t\t\t\t\t\t\t\t<label for=\"form-field-vorname\" class=\"elementor-field-label\">\n\t\t\t\t\t\t\t\tPr\u00e9nom\t\t\t\t\t\t\t<\/label>\n\t\t\t\t\t\t\t\t\t\t\t\t\t\t<input size=\"1\" type=\"text\" name=\"form_fields[vorname]\" id=\"form-field-vorname\" class=\"elementor-field elementor-size-sm  elementor-field-textual\" placeholder=\"Pr\u00e9nom\" required=\"required\">\n\t\t\t\t\t\t\t\t\t\t\t<\/div>\n\t\t\t\t\t\t\t\t<div class=\"elementor-field-type-text elementor-field-group elementor-column elementor-field-group-nachname elementor-col-50 elementor-field-required elementor-mark-required\">\n\t\t\t\t\t\t\t\t\t\t\t\t<label for=\"form-field-nachname\" class=\"elementor-field-label\">\n\t\t\t\t\t\t\t\tNom\t\t\t\t\t\t\t<\/label>\n\t\t\t\t\t\t\t\t\t\t\t\t\t\t<input size=\"1\" type=\"text\" name=\"form_fields[nachname]\" id=\"form-field-nachname\" class=\"elementor-field elementor-size-sm  elementor-field-textual\" placeholder=\"Nom\" required=\"required\">\n\t\t\t\t\t\t\t\t\t\t\t<\/div>\n\t\t\t\t\t\t\t\t<div class=\"elementor-field-type-email elementor-field-group elementor-column elementor-field-group-email elementor-col-50 elementor-field-required elementor-mark-required\">\n\t\t\t\t\t\t\t\t\t\t\t\t<label for=\"form-field-email\" class=\"elementor-field-label\">\n\t\t\t\t\t\t\t\tE-Mail\t\t\t\t\t\t\t<\/label>\n\t\t\t\t\t\t\t\t\t\t\t\t\t\t<input size=\"1\" type=\"email\" name=\"form_fields[email]\" id=\"form-field-email\" class=\"elementor-field elementor-size-sm  elementor-field-textual\" placeholder=\"E-Mail\" required=\"required\">\n\t\t\t\t\t\t\t\t\t\t\t<\/div>\n\t\t\t\t\t\t\t\t<div class=\"elementor-field-type-text elementor-field-group elementor-column elementor-field-group-field_be45579 elementor-col-50 elementor-field-required elementor-mark-required\">\n\t\t\t\t\t\t\t\t\t\t\t\t<label for=\"form-field-field_be45579\" class=\"elementor-field-label\">\n\t\t\t\t\t\t\t\tPage erron\u00e9e (lien)\t\t\t\t\t\t\t<\/label>\n\t\t\t\t\t\t\t\t\t\t\t\t\t\t<input size=\"1\" type=\"text\" name=\"form_fields[field_be45579]\" id=\"form-field-field_be45579\" class=\"elementor-field elementor-size-sm  elementor-field-textual\" placeholder=\"Page erron\u00e9e (lien)\" required=\"required\">\n\t\t\t\t\t\t\t\t\t\t\t<\/div>\n\t\t\t\t\t\t\t\t<div class=\"elementor-field-type-textarea elementor-field-group elementor-column elementor-field-group-message elementor-col-100 elementor-field-required elementor-mark-required\">\n\t\t\t\t\t\t\t\t\t\t\t\t<label for=\"form-field-message\" class=\"elementor-field-label\">\n\t\t\t\t\t\t\t\tDescription de la barri\u00e8re ou du d\u00e9faut\t\t\t\t\t\t\t<\/label>\n\t\t\t\t\t\t<textarea class=\"elementor-field-textual elementor-field  elementor-size-sm\" name=\"form_fields[message]\" id=\"form-field-message\" rows=\"4\" placeholder=\"Description de la barri\u00e8re ou du d\u00e9faut\" required=\"required\"><\/textarea>\t\t\t\t<\/div>\n\t\t\t\t\t\t\t\t<div class=\"elementor-field-type-html elementor-field-group elementor-column elementor-field-group-datenschutz elementor-col-100\">\n\t\t\t\t\tCliquez ici pour consulter notre <a href=\"https:\/\/armbruster.com\/datenschutzerklaerung\/\" target=\"_blank\">politique de confidentialit\u00e9<\/a>.\t\t\t\t<\/div>\n\t\t\t\t\t\t\t\t<div class=\"elementor-field-group elementor-column elementor-field-type-submit elementor-col-100 e-form__buttons\">\n\t\t\t\t\t<button class=\"elementor-button elementor-size-sm\" type=\"submit\">\n\t\t\t\t\t\t<span class=\"elementor-button-content-wrapper\">\n\t\t\t\t\t\t\t\t\t\t\t\t\t\t\t\t\t\t\t\t\t\t<span class=\"elementor-button-text\">Envoyer maintenant<\/span>\n\t\t\t\t\t\t\t\t\t\t\t\t\t<\/span>\n\t\t\t\t\t<\/button>\n\t\t\t\t<\/div>\n\t\t\t<\/div>\n\t\t<\/form>\n\t\t\t\t\t\t<\/div>\n\t\t\t\t<\/div>\n\t\t\t\t<\/div>\n\t\t\t\t<div class=\"elementor-element elementor-element-26d2973 elementor-absolute elementor-widget elementor-widget-image\" data-id=\"26d2973\" data-element_type=\"widget\" data-settings=\"{&quot;_position&quot;:&quot;absolute&quot;}\" data-widget_type=\"image.default\">\n\t\t\t\t<div class=\"elementor-widget-container\">\n\t\t\t\t\t\t\t\t\t\t\t\t\t\t\t<img fetchpriority=\"high\" decoding=\"async\" width=\"180\" height=\"1024\" src=\"https:\/\/armbruster.com\/wp-content\/uploads\/2025\/03\/corner.svg\" class=\"attachment-large size-large wp-image-5805\" alt=\"\" \/>\t\t\t\t\t\t\t\t\t\t\t\t\t\t\t<\/div>\n\t\t\t\t<\/div>\n\t\t\t\t\t<\/div>\n\t\t\t\t<\/div>\n\t\t\t\t<\/div>\n\t\t","protected":false},"excerpt":{"rendered":"<p>D\u00e9claration relative \u00e0 l&rsquo;accessibilit\u00e9 La soci\u00e9t\u00e9 Armbruster GmbH s&rsquo;efforce de rendre son site web accessible conform\u00e9ment au \u00a7 11, alin\u00e9a 1 de la loi sur l&rsquo;\u00e9galit\u00e9 des personnes handicap\u00e9es (LBGG) et aux exigences en mati\u00e8re d&rsquo;accessibilit\u00e9 pr\u00e9vues au \u00a7 13, alin\u00e9a 3 de la LBGG. Cette d\u00e9claration relative \u00e0 l&rsquo;accessibilit\u00e9 s&rsquo;applique au site armbruster.com. \u00c9tat [&hellip;]<\/p>\n","protected":false},"author":1,"featured_media":0,"parent":0,"menu_order":120,"comment_status":"closed","ping_status":"closed","template":"elementor_theme","meta":{"_acf_changed":false,"footnotes":""},"class_list":["post-7294","page","type-page","status-publish","hentry"],"acf":[],"yoast_head":"<!-- This site is optimized with the Yoast SEO plugin v26.7 - https:\/\/yoast.com\/wordpress\/plugins\/seo\/ -->\n<title>Accessibilit\u00e9 - Armbruster GmbH \u2013 Medizintechnik | Pr\u00e4zisionstechnik<\/title>\n<meta name=\"robots\" content=\"index, follow, max-snippet:-1, max-image-preview:large, max-video-preview:-1\" \/>\n<link rel=\"canonical\" href=\"https:\/\/armbruster.com\/fr\/accessibilite\/\" \/>\n<meta property=\"og:locale\" content=\"fr_FR\" \/>\n<meta property=\"og:type\" content=\"article\" \/>\n<meta property=\"og:title\" content=\"Accessibilit\u00e9 - Armbruster GmbH \u2013 Medizintechnik | Pr\u00e4zisionstechnik\" \/>\n<meta property=\"og:description\" content=\"D\u00e9claration relative \u00e0 l&rsquo;accessibilit\u00e9 La soci\u00e9t\u00e9 Armbruster GmbH s&rsquo;efforce de rendre son site web accessible conform\u00e9ment au \u00a7 11, alin\u00e9a 1 de la loi sur l&rsquo;\u00e9galit\u00e9 des personnes handicap\u00e9es (LBGG) et aux exigences en mati\u00e8re d&rsquo;accessibilit\u00e9 pr\u00e9vues au \u00a7 13, alin\u00e9a 3 de la LBGG. Cette d\u00e9claration relative \u00e0 l&rsquo;accessibilit\u00e9 s&rsquo;applique au site armbruster.com. \u00c9tat [&hellip;]\" \/>\n<meta property=\"og:url\" content=\"https:\/\/armbruster.com\/fr\/accessibilite\/\" \/>\n<meta property=\"og:site_name\" content=\"Armbruster GmbH \u2013 Medizintechnik | Pr\u00e4zisionstechnik\" \/>\n<meta property=\"article:modified_time\" content=\"2026-01-05T11:20:50+00:00\" \/>\n<meta name=\"twitter:card\" content=\"summary_large_image\" \/>\n<meta name=\"twitter:label1\" content=\"Dur\u00e9e de lecture estim\u00e9e\" \/>\n\t<meta name=\"twitter:data1\" content=\"2 minutes\" \/>\n<script type=\"application\/ld+json\" class=\"yoast-schema-graph\">{\"@context\":\"https:\/\/schema.org\",\"@graph\":[{\"@type\":\"WebPage\",\"@id\":\"https:\/\/armbruster.com\/fr\/accessibilite\/\",\"url\":\"https:\/\/armbruster.com\/fr\/accessibilite\/\",\"name\":\"Accessibilit\u00e9 - Armbruster GmbH \u2013 Medizintechnik | Pr\u00e4zisionstechnik\",\"isPartOf\":{\"@id\":\"https:\/\/armbruster.com\/fr\/#website\"},\"primaryImageOfPage\":{\"@id\":\"https:\/\/armbruster.com\/fr\/accessibilite\/#primaryimage\"},\"image\":{\"@id\":\"https:\/\/armbruster.com\/fr\/accessibilite\/#primaryimage\"},\"thumbnailUrl\":\"https:\/\/armbruster.com\/wp-content\/uploads\/2025\/03\/corner.svg\",\"datePublished\":\"2024-09-20T09:13:30+00:00\",\"dateModified\":\"2026-01-05T11:20:50+00:00\",\"breadcrumb\":{\"@id\":\"https:\/\/armbruster.com\/fr\/accessibilite\/#breadcrumb\"},\"inLanguage\":\"fr-FR\",\"potentialAction\":[{\"@type\":\"ReadAction\",\"target\":[\"https:\/\/armbruster.com\/fr\/accessibilite\/\"]}]},{\"@type\":\"ImageObject\",\"inLanguage\":\"fr-FR\",\"@id\":\"https:\/\/armbruster.com\/fr\/accessibilite\/#primaryimage\",\"url\":\"https:\/\/armbruster.com\/wp-content\/uploads\/2025\/03\/corner.svg\",\"contentUrl\":\"https:\/\/armbruster.com\/wp-content\/uploads\/2025\/03\/corner.svg\"},{\"@type\":\"BreadcrumbList\",\"@id\":\"https:\/\/armbruster.com\/fr\/accessibilite\/#breadcrumb\",\"itemListElement\":[{\"@type\":\"ListItem\",\"position\":1,\"name\":\"Startseite\",\"item\":\"https:\/\/armbruster.com\/fr\/page-daccueil\/\"},{\"@type\":\"ListItem\",\"position\":2,\"name\":\"Accessibilit\u00e9\"}]},{\"@type\":\"WebSite\",\"@id\":\"https:\/\/armbruster.com\/fr\/#website\",\"url\":\"https:\/\/armbruster.com\/fr\/\",\"name\":\"Armbruster GmbH \u2013 Medizintechnik | Pr\u00e4zisionstechnik\",\"description\":\"Steinach im Kinzigtal  \u2013 Medizin + Industrie\",\"publisher\":{\"@id\":\"https:\/\/armbruster.com\/fr\/#organization\"},\"potentialAction\":[{\"@type\":\"SearchAction\",\"target\":{\"@type\":\"EntryPoint\",\"urlTemplate\":\"https:\/\/armbruster.com\/fr\/?s={search_term_string}\"},\"query-input\":{\"@type\":\"PropertyValueSpecification\",\"valueRequired\":true,\"valueName\":\"search_term_string\"}}],\"inLanguage\":\"fr-FR\"},{\"@type\":\"Organization\",\"@id\":\"https:\/\/armbruster.com\/fr\/#organization\",\"name\":\"Armbruster GmbH \u2013 Medizintechnik | Pr\u00e4zisionstechnik\",\"url\":\"https:\/\/armbruster.com\/fr\/\",\"logo\":{\"@type\":\"ImageObject\",\"inLanguage\":\"fr-FR\",\"@id\":\"https:\/\/armbruster.com\/fr\/#\/schema\/logo\/image\/\",\"url\":\"https:\/\/armbruster.com\/wp-content\/uploads\/2023\/10\/logo.svg\",\"contentUrl\":\"https:\/\/armbruster.com\/wp-content\/uploads\/2023\/10\/logo.svg\",\"width\":323,\"height\":53,\"caption\":\"Armbruster GmbH \u2013 Medizintechnik | Pr\u00e4zisionstechnik\"},\"image\":{\"@id\":\"https:\/\/armbruster.com\/fr\/#\/schema\/logo\/image\/\"}}]}<\/script>\n<!-- \/ Yoast SEO plugin. -->","yoast_head_json":{"title":"Accessibilit\u00e9 - Armbruster GmbH \u2013 Medizintechnik | Pr\u00e4zisionstechnik","robots":{"index":"index","follow":"follow","max-snippet":"max-snippet:-1","max-image-preview":"max-image-preview:large","max-video-preview":"max-video-preview:-1"},"canonical":"https:\/\/armbruster.com\/fr\/accessibilite\/","og_locale":"fr_FR","og_type":"article","og_title":"Accessibilit\u00e9 - Armbruster GmbH \u2013 Medizintechnik | Pr\u00e4zisionstechnik","og_description":"D\u00e9claration relative \u00e0 l&rsquo;accessibilit\u00e9 La soci\u00e9t\u00e9 Armbruster GmbH s&rsquo;efforce de rendre son site web accessible conform\u00e9ment au \u00a7 11, alin\u00e9a 1 de la loi sur l&rsquo;\u00e9galit\u00e9 des personnes handicap\u00e9es (LBGG) et aux exigences en mati\u00e8re d&rsquo;accessibilit\u00e9 pr\u00e9vues au \u00a7 13, alin\u00e9a 3 de la LBGG. Cette d\u00e9claration relative \u00e0 l&rsquo;accessibilit\u00e9 s&rsquo;applique au site armbruster.com. \u00c9tat [&hellip;]","og_url":"https:\/\/armbruster.com\/fr\/accessibilite\/","og_site_name":"Armbruster GmbH \u2013 Medizintechnik | Pr\u00e4zisionstechnik","article_modified_time":"2026-01-05T11:20:50+00:00","twitter_card":"summary_large_image","twitter_misc":{"Dur\u00e9e de lecture estim\u00e9e":"2 minutes"},"schema":{"@context":"https:\/\/schema.org","@graph":[{"@type":"WebPage","@id":"https:\/\/armbruster.com\/fr\/accessibilite\/","url":"https:\/\/armbruster.com\/fr\/accessibilite\/","name":"Accessibilit\u00e9 - Armbruster GmbH \u2013 Medizintechnik | Pr\u00e4zisionstechnik","isPartOf":{"@id":"https:\/\/armbruster.com\/fr\/#website"},"primaryImageOfPage":{"@id":"https:\/\/armbruster.com\/fr\/accessibilite\/#primaryimage"},"image":{"@id":"https:\/\/armbruster.com\/fr\/accessibilite\/#primaryimage"},"thumbnailUrl":"https:\/\/armbruster.com\/wp-content\/uploads\/2025\/03\/corner.svg","datePublished":"2024-09-20T09:13:30+00:00","dateModified":"2026-01-05T11:20:50+00:00","breadcrumb":{"@id":"https:\/\/armbruster.com\/fr\/accessibilite\/#breadcrumb"},"inLanguage":"fr-FR","potentialAction":[{"@type":"ReadAction","target":["https:\/\/armbruster.com\/fr\/accessibilite\/"]}]},{"@type":"ImageObject","inLanguage":"fr-FR","@id":"https:\/\/armbruster.com\/fr\/accessibilite\/#primaryimage","url":"https:\/\/armbruster.com\/wp-content\/uploads\/2025\/03\/corner.svg","contentUrl":"https:\/\/armbruster.com\/wp-content\/uploads\/2025\/03\/corner.svg"},{"@type":"BreadcrumbList","@id":"https:\/\/armbruster.com\/fr\/accessibilite\/#breadcrumb","itemListElement":[{"@type":"ListItem","position":1,"name":"Startseite","item":"https:\/\/armbruster.com\/fr\/page-daccueil\/"},{"@type":"ListItem","position":2,"name":"Accessibilit\u00e9"}]},{"@type":"WebSite","@id":"https:\/\/armbruster.com\/fr\/#website","url":"https:\/\/armbruster.com\/fr\/","name":"Armbruster GmbH \u2013 Medizintechnik | Pr\u00e4zisionstechnik","description":"Steinach im Kinzigtal  \u2013 Medizin + Industrie","publisher":{"@id":"https:\/\/armbruster.com\/fr\/#organization"},"potentialAction":[{"@type":"SearchAction","target":{"@type":"EntryPoint","urlTemplate":"https:\/\/armbruster.com\/fr\/?s={search_term_string}"},"query-input":{"@type":"PropertyValueSpecification","valueRequired":true,"valueName":"search_term_string"}}],"inLanguage":"fr-FR"},{"@type":"Organization","@id":"https:\/\/armbruster.com\/fr\/#organization","name":"Armbruster GmbH \u2013 Medizintechnik | Pr\u00e4zisionstechnik","url":"https:\/\/armbruster.com\/fr\/","logo":{"@type":"ImageObject","inLanguage":"fr-FR","@id":"https:\/\/armbruster.com\/fr\/#\/schema\/logo\/image\/","url":"https:\/\/armbruster.com\/wp-content\/uploads\/2023\/10\/logo.svg","contentUrl":"https:\/\/armbruster.com\/wp-content\/uploads\/2023\/10\/logo.svg","width":323,"height":53,"caption":"Armbruster GmbH \u2013 Medizintechnik | Pr\u00e4zisionstechnik"},"image":{"@id":"https:\/\/armbruster.com\/fr\/#\/schema\/logo\/image\/"}}]}},"_links":{"self":[{"href":"https:\/\/armbruster.com\/fr\/wp-json\/wp\/v2\/pages\/7294","targetHints":{"allow":["GET"]}}],"collection":[{"href":"https:\/\/armbruster.com\/fr\/wp-json\/wp\/v2\/pages"}],"about":[{"href":"https:\/\/armbruster.com\/fr\/wp-json\/wp\/v2\/types\/page"}],"author":[{"embeddable":true,"href":"https:\/\/armbruster.com\/fr\/wp-json\/wp\/v2\/users\/1"}],"replies":[{"embeddable":true,"href":"https:\/\/armbruster.com\/fr\/wp-json\/wp\/v2\/comments?post=7294"}],"version-history":[{"count":1,"href":"https:\/\/armbruster.com\/fr\/wp-json\/wp\/v2\/pages\/7294\/revisions"}],"predecessor-version":[{"id":7295,"href":"https:\/\/armbruster.com\/fr\/wp-json\/wp\/v2\/pages\/7294\/revisions\/7295"}],"wp:attachment":[{"href":"https:\/\/armbruster.com\/fr\/wp-json\/wp\/v2\/media?parent=7294"}],"curies":[{"name":"wp","href":"https:\/\/api.w.org\/{rel}","templated":true}]}}