{"id":7296,"date":"2024-09-01T16:03:47","date_gmt":"2024-09-01T14:03:47","guid":{"rendered":"https:\/\/armbruster.com\/mentions-legales\/"},"modified":"2026-03-30T15:16:28","modified_gmt":"2026-03-30T13:16:28","slug":"mentions-legales","status":"publish","type":"page","link":"https:\/\/armbruster.com\/fr\/mentions-legales\/","title":{"rendered":"Mentions l\u00e9gales"},"content":{"rendered":"\t\t<div data-elementor-type=\"wp-page\" data-elementor-id=\"7296\" class=\"elementor elementor-7296 elementor-10\" data-elementor-post-type=\"page\">\n\t\t\t\t<div class=\"elementor-element elementor-element-051df12 e-flex e-con-boxed e-con e-parent\" data-id=\"051df12\" data-element_type=\"container\" data-settings=\"{&quot;background_background&quot;:&quot;classic&quot;}\">\n\t\t\t\t\t<div class=\"e-con-inner\">\n\t\t\t\t<div class=\"elementor-element elementor-element-b523c78 elementor-widget elementor-widget-heading\" data-id=\"b523c78\" data-element_type=\"widget\" data-widget_type=\"heading.default\">\n\t\t\t\t<div class=\"elementor-widget-container\">\n\t\t\t\t\t<h1 class=\"elementor-heading-title elementor-size-default\">Mentions l\u00e9gales<\/h1>\t\t\t\t<\/div>\n\t\t\t\t<\/div>\n\t\t<div class=\"elementor-element elementor-element-a8da654 e-con-full e-flex e-con e-child\" data-id=\"a8da654\" data-element_type=\"container\">\n\t\t\t\t<div class=\"elementor-element elementor-element-6db100f elementor-widget elementor-widget-heading\" data-id=\"6db100f\" data-element_type=\"widget\" data-widget_type=\"heading.default\">\n\t\t\t\t<div class=\"elementor-widget-container\">\n\t\t\t\t\t<div class=\"elementor-heading-title elementor-size-default\">Informations conform\u00e9ment au \u00a7 5 de la loi allemande sur les services num\u00e9riques (DDG)<\/div>\t\t\t\t<\/div>\n\t\t\t\t<\/div>\n\t\t\t\t<div class=\"elementor-element elementor-element-30e3e8f elementor-widget elementor-widget-text-editor\" data-id=\"30e3e8f\" data-element_type=\"widget\" data-widget_type=\"text-editor.default\">\n\t\t\t\t<div class=\"elementor-widget-container\">\n\t\t\t\t\t\t\t\t\t<p>Armbruster GmbH<br>Josef-Maier-Str. 6<br>D-77790 Steinach<br>Allemagne<\/p><p>Registre du commerce : HRB 702522<br>Tribunal d&rsquo;enregistrement : Tribunal d&rsquo;instance de Fribourg<\/p><p><strong>Repr\u00e9sent\u00e9e par les g\u00e9rants :<\/strong><br>Tobias Armbruster<br>Florian Armbruster<\/p>\t\t\t\t\t\t\t\t<\/div>\n\t\t\t\t<\/div>\n\t\t\t\t<\/div>\n\t\t<div class=\"elementor-element elementor-element-b58aac6 e-con-full e-flex e-con e-child\" data-id=\"b58aac6\" data-element_type=\"container\">\n\t\t\t\t<div class=\"elementor-element elementor-element-3cbaed2 elementor-widget elementor-widget-heading\" data-id=\"3cbaed2\" data-element_type=\"widget\" data-widget_type=\"heading.default\">\n\t\t\t\t<div class=\"elementor-widget-container\">\n\t\t\t\t\t<div class=\"elementor-heading-title elementor-size-default\">Contact<\/div>\t\t\t\t<\/div>\n\t\t\t\t<\/div>\n\t\t\t\t<div class=\"elementor-element elementor-element-3d71fb6 elementor-widget elementor-widget-text-editor\" data-id=\"3d71fb6\" data-element_type=\"widget\" data-widget_type=\"text-editor.default\">\n\t\t\t\t<div class=\"elementor-widget-container\">\n\t\t\t\t\t\t\t\t\t<p>T\u00e9l\u00e9phone: <a href=\"tel:+497832975910\">+49 7832 97591-0<\/a><br>E-Mail: <a class=\"mail-link\" href=\"mailto:info@armbruster.com\" data-enc-email=\"vasb[at]nezoehfgre.pbz\" data-wpel-link=\"ignore\"><span id=\"wpmt-267869-947479\">info@armbruster.com<\/span><\/a><\/p>\t\t\t\t\t\t\t\t<\/div>\n\t\t\t\t<\/div>\n\t\t\t\t<\/div>\n\t\t<div class=\"elementor-element elementor-element-f8573f9 e-con-full e-flex e-con e-child\" data-id=\"f8573f9\" data-element_type=\"container\">\n\t\t\t\t<div class=\"elementor-element elementor-element-a9cc7b7 elementor-widget elementor-widget-heading\" data-id=\"a9cc7b7\" data-element_type=\"widget\" data-widget_type=\"heading.default\">\n\t\t\t\t<div class=\"elementor-widget-container\">\n\t\t\t\t\t<div class=\"elementor-heading-title elementor-size-default\">Num\u00e9ro d'identification fiscale<\/div>\t\t\t\t<\/div>\n\t\t\t\t<\/div>\n\t\t\t\t<div class=\"elementor-element elementor-element-7300540 elementor-widget elementor-widget-text-editor\" data-id=\"7300540\" data-element_type=\"widget\" data-widget_type=\"text-editor.default\">\n\t\t\t\t<div class=\"elementor-widget-container\">\n\t\t\t\t\t\t\t\t\t<p>Num\u00e9ro d&rsquo;identification fiscale conform\u00e9ment au \u00a7 27 a de la loi allemande sur la taxe sur le chiffre d&rsquo;affaires :<br>DE260664248<\/p>\t\t\t\t\t\t\t\t<\/div>\n\t\t\t\t<\/div>\n\t\t\t\t<\/div>\n\t\t<div class=\"elementor-element elementor-element-abe3cbb e-con-full e-flex e-con e-child\" data-id=\"abe3cbb\" data-element_type=\"container\">\n\t\t\t\t<div class=\"elementor-element elementor-element-7676224 elementor-widget elementor-widget-heading\" data-id=\"7676224\" data-element_type=\"widget\" data-widget_type=\"heading.default\">\n\t\t\t\t<div class=\"elementor-widget-container\">\n\t\t\t\t\t<div class=\"elementor-heading-title elementor-size-default\">Responsabilit\u00e9 relative aux contenus<\/div>\t\t\t\t<\/div>\n\t\t\t\t<\/div>\n\t\t\t\t<div class=\"elementor-element elementor-element-f7c14e5 elementor-widget elementor-widget-text-editor\" data-id=\"f7c14e5\" data-element_type=\"widget\" data-widget_type=\"text-editor.default\">\n\t\t\t\t<div class=\"elementor-widget-container\">\n\t\t\t\t\t\t\t\t\t<p>En tant que prestataire de services, nous sommes responsables, conform\u00e9ment au \u00a7 7 al. 1 DDG, de nos propres contenus sur ces pages selon les lois g\u00e9n\u00e9rales. En tant que prestataire de services, nous ne sommes toutefois pas tenus de surveiller les informations transmises ou enregistr\u00e9es par des tiers ni de rechercher des circonstances indiquant une activit\u00e9 ill\u00e9gale. Les obligations de supprimer ou de bloquer l&rsquo;utilisation d&rsquo;informations conform\u00e9ment aux lois g\u00e9n\u00e9rales restent inchang\u00e9es. Une responsabilit\u00e9 \u00e0 cet \u00e9gard n&rsquo;est toutefois possible qu&rsquo;\u00e0 partir du moment o\u00f9 une violation concr\u00e8te de la loi est connue. Si nous avons connaissance de telles violations, nous supprimerons imm\u00e9diatement ces contenus.     <\/p>\t\t\t\t\t\t\t\t<\/div>\n\t\t\t\t<\/div>\n\t\t\t\t<\/div>\n\t\t<div class=\"elementor-element elementor-element-73d1813 e-con-full e-flex e-con e-child\" data-id=\"73d1813\" data-element_type=\"container\">\n\t\t\t\t<div class=\"elementor-element elementor-element-0d6c18c elementor-widget elementor-widget-heading\" data-id=\"0d6c18c\" data-element_type=\"widget\" data-widget_type=\"heading.default\">\n\t\t\t\t<div class=\"elementor-widget-container\">\n\t\t\t\t\t<div class=\"elementor-heading-title elementor-size-default\">Responsabilit\u00e9 relative aux liens<\/div>\t\t\t\t<\/div>\n\t\t\t\t<\/div>\n\t\t\t\t<div class=\"elementor-element elementor-element-fda9db0 elementor-widget elementor-widget-text-editor\" data-id=\"fda9db0\" data-element_type=\"widget\" data-widget_type=\"text-editor.default\">\n\t\t\t\t<div class=\"elementor-widget-container\">\n\t\t\t\t\t\t\t\t\t<p>Notre offre contient des liens vers des sites Web externes de tiers sur lesquels nous n&rsquo;avons aucune influence. C&rsquo;est pourquoi nous ne pouvons assumer aucune responsabilit\u00e9 pour ces contenus externes. Le fournisseur ou l&rsquo;exploitant des pages li\u00e9es est toujours responsable de leur contenu. Les pages li\u00e9es ont \u00e9t\u00e9 v\u00e9rifi\u00e9es au moment de la mise en place du lien afin de d\u00e9tecter d&rsquo;\u00e9ventuelles violations de la loi. Aucun contenu ill\u00e9gal n&rsquo;a \u00e9t\u00e9 d\u00e9tect\u00e9 au moment de la mise en place du lien. Un contr\u00f4le permanent du contenu des pages li\u00e9es n&rsquo;est toutefois pas raisonnable sans indices concrets d&rsquo;une violation de la loi. Si nous avons connaissance de violations de la loi, nous supprimerons imm\u00e9diatement ces liens.      <\/p>\t\t\t\t\t\t\t\t<\/div>\n\t\t\t\t<\/div>\n\t\t\t\t<\/div>\n\t\t<div class=\"elementor-element elementor-element-4cfb4b5 e-con-full e-flex e-con e-child\" data-id=\"4cfb4b5\" data-element_type=\"container\">\n\t\t\t\t<div class=\"elementor-element elementor-element-cf81c73 elementor-widget elementor-widget-heading\" data-id=\"cf81c73\" data-element_type=\"widget\" data-widget_type=\"heading.default\">\n\t\t\t\t<div class=\"elementor-widget-container\">\n\t\t\t\t\t<div class=\"elementor-heading-title elementor-size-default\">Droit d'auteur<\/div>\t\t\t\t<\/div>\n\t\t\t\t<\/div>\n\t\t\t\t<div class=\"elementor-element elementor-element-18da8b3 elementor-widget elementor-widget-text-editor\" data-id=\"18da8b3\" data-element_type=\"widget\" data-widget_type=\"text-editor.default\">\n\t\t\t\t<div class=\"elementor-widget-container\">\n\t\t\t\t\t\t\t\t\t<p>Les contenus et \u0153uvres cr\u00e9\u00e9s par les exploitants du site sur ces pages sont soumis au droit d&rsquo;auteur allemand. La reproduction, le traitement, la diffusion et toute forme d&rsquo;exploitation en dehors des limites du droit d&rsquo;auteur n\u00e9cessitent l&rsquo;accord \u00e9crit de l&rsquo;auteur ou du cr\u00e9ateur concern\u00e9. Les t\u00e9l\u00e9chargements et copies de ce site ne sont autoris\u00e9s que pour un usage priv\u00e9 et non commercial.  <\/p><p>Dans la mesure o\u00f9 les contenus de ce site n&rsquo;ont pas \u00e9t\u00e9 cr\u00e9\u00e9s par l&rsquo;exploitant, les droits d&rsquo;auteur de tiers sont respect\u00e9s. Les contenus de tiers sont notamment signal\u00e9s comme tels. Si vous constatez n\u00e9anmoins une violation du droit d&rsquo;auteur, nous vous prions de nous en informer. D\u00e8s que nous aurons connaissance d&rsquo;une violation de la loi, nous supprimerons imm\u00e9diatement ces contenus.   <\/p>\t\t\t\t\t\t\t\t<\/div>\n\t\t\t\t<\/div>\n\t\t\t\t<\/div>\n\t\t<div class=\"elementor-element elementor-element-317090b e-con-full e-flex e-con e-child\" data-id=\"317090b\" data-element_type=\"container\">\n\t\t\t\t<div class=\"elementor-element elementor-element-ffad877 elementor-widget elementor-widget-heading\" data-id=\"ffad877\" data-element_type=\"widget\" data-widget_type=\"heading.default\">\n\t\t\t\t<div class=\"elementor-widget-container\">\n\t\t\t\t\t<div class=\"elementor-heading-title elementor-size-default\">Conception, design et r\u00e9alisation<\/div>\t\t\t\t<\/div>\n\t\t\t\t<\/div>\n\t\t\t\t<div class=\"elementor-element elementor-element-46fb3f1 elementor-widget elementor-widget-text-editor\" data-id=\"46fb3f1\" data-element_type=\"widget\" data-widget_type=\"text-editor.default\">\n\t\t\t\t<div class=\"elementor-widget-container\">\n\t\t\t\t\t\t\t\t\t<p><strong>GRUPPE DREI\u00ae <\/strong><strong>GmbH<\/strong><\/p>\n\n<p>Goldenb\u00fchlstra\u00dfe 12<br>D-78048 VS-Villingen<\/p>\n\n<p>T\u00e9l\u00e9phone: <a href=\"tel:0049772184210\" title=\"Appeler GRUPPE DREI GmbH\">+49 (0) 77 21 84 21-0<\/a><\/p>\n\n<p>E-Mail: <a class=\"mail\" href=\"mailto:info@gruppedrei.com\" title=\"R\u00e9diger un e-mail \u00e0 l'attention du GRUPPE DREI\">info@gruppedrei.com<\/a><br>Web: <a class=\"external-link-new-window\" href=\"https:\/\/www.gruppedrei.com\/\" target=\"_blank\" title=\"Acc\u00e9der au site web de GRUPPE DREI GmbH\">www.gruppedrei.com<\/a><\/p>\t\t\t\t\t\t\t\t<\/div>\n\t\t\t\t<\/div>\n\t\t\t\t<\/div>\n\t\t\t\t<div class=\"elementor-element elementor-element-f5a9558 elementor-absolute elementor-widget elementor-widget-image\" data-id=\"f5a9558\" data-element_type=\"widget\" data-settings=\"{&quot;_position&quot;:&quot;absolute&quot;}\" data-widget_type=\"image.default\">\n\t\t\t\t<div class=\"elementor-widget-container\">\n\t\t\t\t\t\t\t\t\t\t\t\t\t\t\t<img fetchpriority=\"high\" decoding=\"async\" width=\"180\" height=\"1024\" src=\"https:\/\/armbruster.com\/wp-content\/uploads\/2025\/03\/corner.svg\" class=\"attachment-large size-large wp-image-5805\" alt=\"\" \/>\t\t\t\t\t\t\t\t\t\t\t\t\t\t\t<\/div>\n\t\t\t\t<\/div>\n\t\t\t\t\t<\/div>\n\t\t\t\t<\/div>\n\t\t\t\t<\/div>\n\t\t","protected":false},"excerpt":{"rendered":"<p>Mentions l\u00e9gales Informations conform\u00e9ment au \u00a7 5 de la loi allemande sur les services num\u00e9riques (DDG) Armbruster GmbHJosef-Maier-Str. 6D-77790 SteinachAllemagne Registre du commerce : HRB 702522Tribunal d&rsquo;enregistrement : Tribunal d&rsquo;instance de Fribourg Repr\u00e9sent\u00e9e par les g\u00e9rants :Tobias ArmbrusterFlorian Armbruster Contact T\u00e9l\u00e9phone: +49 7832 97591-0E-Mail: info@armbruster.com Num\u00e9ro d&rsquo;identification fiscale Num\u00e9ro d&rsquo;identification fiscale conform\u00e9ment au \u00a7 27 [&hellip;]<\/p>\n","protected":false},"author":1,"featured_media":0,"parent":0,"menu_order":100,"comment_status":"closed","ping_status":"closed","template":"elementor_theme","meta":{"_acf_changed":false,"footnotes":""},"class_list":["post-7296","page","type-page","status-publish","hentry"],"acf":[],"yoast_head":"<!-- This site is optimized with the Yoast SEO plugin v26.7 - https:\/\/yoast.com\/wordpress\/plugins\/seo\/ -->\n<title>Mentions l\u00e9gales - Armbruster GmbH \u2013 Medizintechnik | Pr\u00e4zisionstechnik<\/title>\n<meta name=\"robots\" content=\"index, follow, max-snippet:-1, max-image-preview:large, max-video-preview:-1\" \/>\n<link rel=\"canonical\" href=\"https:\/\/armbruster.com\/fr\/mentions-legales\/\" \/>\n<meta property=\"og:locale\" content=\"fr_FR\" \/>\n<meta property=\"og:type\" content=\"article\" \/>\n<meta property=\"og:title\" content=\"Mentions l\u00e9gales - Armbruster GmbH \u2013 Medizintechnik | Pr\u00e4zisionstechnik\" \/>\n<meta property=\"og:description\" content=\"Mentions l\u00e9gales Informations conform\u00e9ment au \u00a7 5 de la loi allemande sur les services num\u00e9riques (DDG) Armbruster GmbHJosef-Maier-Str. 6D-77790 SteinachAllemagne Registre du commerce : HRB 702522Tribunal d&rsquo;enregistrement : Tribunal d&rsquo;instance de Fribourg Repr\u00e9sent\u00e9e par les g\u00e9rants :Tobias ArmbrusterFlorian Armbruster Contact T\u00e9l\u00e9phone: +49 7832 97591-0E-Mail: info@armbruster.com Num\u00e9ro d&rsquo;identification fiscale Num\u00e9ro d&rsquo;identification fiscale conform\u00e9ment au \u00a7 27 [&hellip;]\" \/>\n<meta property=\"og:url\" content=\"https:\/\/armbruster.com\/fr\/mentions-legales\/\" \/>\n<meta property=\"og:site_name\" content=\"Armbruster GmbH \u2013 Medizintechnik | Pr\u00e4zisionstechnik\" \/>\n<meta property=\"article:modified_time\" content=\"2026-03-30T13:16:28+00:00\" \/>\n<meta name=\"twitter:card\" content=\"summary_large_image\" \/>\n<meta name=\"twitter:label1\" content=\"Dur\u00e9e de lecture estim\u00e9e\" \/>\n\t<meta name=\"twitter:data1\" content=\"2 minutes\" \/>\n<script type=\"application\/ld+json\" class=\"yoast-schema-graph\">{\"@context\":\"https:\/\/schema.org\",\"@graph\":[{\"@type\":\"WebPage\",\"@id\":\"https:\/\/armbruster.com\/fr\/mentions-legales\/\",\"url\":\"https:\/\/armbruster.com\/fr\/mentions-legales\/\",\"name\":\"Mentions l\u00e9gales - Armbruster GmbH \u2013 Medizintechnik | Pr\u00e4zisionstechnik\",\"isPartOf\":{\"@id\":\"https:\/\/armbruster.com\/fr\/#website\"},\"primaryImageOfPage\":{\"@id\":\"https:\/\/armbruster.com\/fr\/mentions-legales\/#primaryimage\"},\"image\":{\"@id\":\"https:\/\/armbruster.com\/fr\/mentions-legales\/#primaryimage\"},\"thumbnailUrl\":\"https:\/\/armbruster.com\/wp-content\/uploads\/2025\/03\/corner.svg\",\"datePublished\":\"2024-09-01T14:03:47+00:00\",\"dateModified\":\"2026-03-30T13:16:28+00:00\",\"breadcrumb\":{\"@id\":\"https:\/\/armbruster.com\/fr\/mentions-legales\/#breadcrumb\"},\"inLanguage\":\"fr-FR\",\"potentialAction\":[{\"@type\":\"ReadAction\",\"target\":[\"https:\/\/armbruster.com\/fr\/mentions-legales\/\"]}]},{\"@type\":\"ImageObject\",\"inLanguage\":\"fr-FR\",\"@id\":\"https:\/\/armbruster.com\/fr\/mentions-legales\/#primaryimage\",\"url\":\"https:\/\/armbruster.com\/wp-content\/uploads\/2025\/03\/corner.svg\",\"contentUrl\":\"https:\/\/armbruster.com\/wp-content\/uploads\/2025\/03\/corner.svg\"},{\"@type\":\"BreadcrumbList\",\"@id\":\"https:\/\/armbruster.com\/fr\/mentions-legales\/#breadcrumb\",\"itemListElement\":[{\"@type\":\"ListItem\",\"position\":1,\"name\":\"Startseite\",\"item\":\"https:\/\/armbruster.com\/fr\/page-daccueil\/\"},{\"@type\":\"ListItem\",\"position\":2,\"name\":\"Mentions l\u00e9gales\"}]},{\"@type\":\"WebSite\",\"@id\":\"https:\/\/armbruster.com\/fr\/#website\",\"url\":\"https:\/\/armbruster.com\/fr\/\",\"name\":\"Armbruster GmbH \u2013 Medizintechnik | Pr\u00e4zisionstechnik\",\"description\":\"Steinach im Kinzigtal  \u2013 Medizin + Industrie\",\"publisher\":{\"@id\":\"https:\/\/armbruster.com\/fr\/#organization\"},\"potentialAction\":[{\"@type\":\"SearchAction\",\"target\":{\"@type\":\"EntryPoint\",\"urlTemplate\":\"https:\/\/armbruster.com\/fr\/?s={search_term_string}\"},\"query-input\":{\"@type\":\"PropertyValueSpecification\",\"valueRequired\":true,\"valueName\":\"search_term_string\"}}],\"inLanguage\":\"fr-FR\"},{\"@type\":\"Organization\",\"@id\":\"https:\/\/armbruster.com\/fr\/#organization\",\"name\":\"Armbruster GmbH \u2013 Medizintechnik | Pr\u00e4zisionstechnik\",\"url\":\"https:\/\/armbruster.com\/fr\/\",\"logo\":{\"@type\":\"ImageObject\",\"inLanguage\":\"fr-FR\",\"@id\":\"https:\/\/armbruster.com\/fr\/#\/schema\/logo\/image\/\",\"url\":\"https:\/\/armbruster.com\/wp-content\/uploads\/2023\/10\/logo.svg\",\"contentUrl\":\"https:\/\/armbruster.com\/wp-content\/uploads\/2023\/10\/logo.svg\",\"width\":323,\"height\":53,\"caption\":\"Armbruster GmbH \u2013 Medizintechnik | Pr\u00e4zisionstechnik\"},\"image\":{\"@id\":\"https:\/\/armbruster.com\/fr\/#\/schema\/logo\/image\/\"}}]}<\/script>\n<!-- \/ Yoast SEO plugin. -->","yoast_head_json":{"title":"Mentions l\u00e9gales - Armbruster GmbH \u2013 Medizintechnik | Pr\u00e4zisionstechnik","robots":{"index":"index","follow":"follow","max-snippet":"max-snippet:-1","max-image-preview":"max-image-preview:large","max-video-preview":"max-video-preview:-1"},"canonical":"https:\/\/armbruster.com\/fr\/mentions-legales\/","og_locale":"fr_FR","og_type":"article","og_title":"Mentions l\u00e9gales - Armbruster GmbH \u2013 Medizintechnik | Pr\u00e4zisionstechnik","og_description":"Mentions l\u00e9gales Informations conform\u00e9ment au \u00a7 5 de la loi allemande sur les services num\u00e9riques (DDG) Armbruster GmbHJosef-Maier-Str. 6D-77790 SteinachAllemagne Registre du commerce : HRB 702522Tribunal d&rsquo;enregistrement : Tribunal d&rsquo;instance de Fribourg Repr\u00e9sent\u00e9e par les g\u00e9rants :Tobias ArmbrusterFlorian Armbruster Contact T\u00e9l\u00e9phone: +49 7832 97591-0E-Mail: info@armbruster.com Num\u00e9ro d&rsquo;identification fiscale Num\u00e9ro d&rsquo;identification fiscale conform\u00e9ment au \u00a7 27 [&hellip;]","og_url":"https:\/\/armbruster.com\/fr\/mentions-legales\/","og_site_name":"Armbruster GmbH \u2013 Medizintechnik | Pr\u00e4zisionstechnik","article_modified_time":"2026-03-30T13:16:28+00:00","twitter_card":"summary_large_image","twitter_misc":{"Dur\u00e9e de lecture estim\u00e9e":"2 minutes"},"schema":{"@context":"https:\/\/schema.org","@graph":[{"@type":"WebPage","@id":"https:\/\/armbruster.com\/fr\/mentions-legales\/","url":"https:\/\/armbruster.com\/fr\/mentions-legales\/","name":"Mentions l\u00e9gales - Armbruster GmbH \u2013 Medizintechnik | Pr\u00e4zisionstechnik","isPartOf":{"@id":"https:\/\/armbruster.com\/fr\/#website"},"primaryImageOfPage":{"@id":"https:\/\/armbruster.com\/fr\/mentions-legales\/#primaryimage"},"image":{"@id":"https:\/\/armbruster.com\/fr\/mentions-legales\/#primaryimage"},"thumbnailUrl":"https:\/\/armbruster.com\/wp-content\/uploads\/2025\/03\/corner.svg","datePublished":"2024-09-01T14:03:47+00:00","dateModified":"2026-03-30T13:16:28+00:00","breadcrumb":{"@id":"https:\/\/armbruster.com\/fr\/mentions-legales\/#breadcrumb"},"inLanguage":"fr-FR","potentialAction":[{"@type":"ReadAction","target":["https:\/\/armbruster.com\/fr\/mentions-legales\/"]}]},{"@type":"ImageObject","inLanguage":"fr-FR","@id":"https:\/\/armbruster.com\/fr\/mentions-legales\/#primaryimage","url":"https:\/\/armbruster.com\/wp-content\/uploads\/2025\/03\/corner.svg","contentUrl":"https:\/\/armbruster.com\/wp-content\/uploads\/2025\/03\/corner.svg"},{"@type":"BreadcrumbList","@id":"https:\/\/armbruster.com\/fr\/mentions-legales\/#breadcrumb","itemListElement":[{"@type":"ListItem","position":1,"name":"Startseite","item":"https:\/\/armbruster.com\/fr\/page-daccueil\/"},{"@type":"ListItem","position":2,"name":"Mentions l\u00e9gales"}]},{"@type":"WebSite","@id":"https:\/\/armbruster.com\/fr\/#website","url":"https:\/\/armbruster.com\/fr\/","name":"Armbruster GmbH \u2013 Medizintechnik | Pr\u00e4zisionstechnik","description":"Steinach im Kinzigtal  \u2013 Medizin + Industrie","publisher":{"@id":"https:\/\/armbruster.com\/fr\/#organization"},"potentialAction":[{"@type":"SearchAction","target":{"@type":"EntryPoint","urlTemplate":"https:\/\/armbruster.com\/fr\/?s={search_term_string}"},"query-input":{"@type":"PropertyValueSpecification","valueRequired":true,"valueName":"search_term_string"}}],"inLanguage":"fr-FR"},{"@type":"Organization","@id":"https:\/\/armbruster.com\/fr\/#organization","name":"Armbruster GmbH \u2013 Medizintechnik | Pr\u00e4zisionstechnik","url":"https:\/\/armbruster.com\/fr\/","logo":{"@type":"ImageObject","inLanguage":"fr-FR","@id":"https:\/\/armbruster.com\/fr\/#\/schema\/logo\/image\/","url":"https:\/\/armbruster.com\/wp-content\/uploads\/2023\/10\/logo.svg","contentUrl":"https:\/\/armbruster.com\/wp-content\/uploads\/2023\/10\/logo.svg","width":323,"height":53,"caption":"Armbruster GmbH \u2013 Medizintechnik | Pr\u00e4zisionstechnik"},"image":{"@id":"https:\/\/armbruster.com\/fr\/#\/schema\/logo\/image\/"}}]}},"_links":{"self":[{"href":"https:\/\/armbruster.com\/fr\/wp-json\/wp\/v2\/pages\/7296","targetHints":{"allow":["GET"]}}],"collection":[{"href":"https:\/\/armbruster.com\/fr\/wp-json\/wp\/v2\/pages"}],"about":[{"href":"https:\/\/armbruster.com\/fr\/wp-json\/wp\/v2\/types\/page"}],"author":[{"embeddable":true,"href":"https:\/\/armbruster.com\/fr\/wp-json\/wp\/v2\/users\/1"}],"replies":[{"embeddable":true,"href":"https:\/\/armbruster.com\/fr\/wp-json\/wp\/v2\/comments?post=7296"}],"version-history":[{"count":2,"href":"https:\/\/armbruster.com\/fr\/wp-json\/wp\/v2\/pages\/7296\/revisions"}],"predecessor-version":[{"id":7770,"href":"https:\/\/armbruster.com\/fr\/wp-json\/wp\/v2\/pages\/7296\/revisions\/7770"}],"wp:attachment":[{"href":"https:\/\/armbruster.com\/fr\/wp-json\/wp\/v2\/media?parent=7296"}],"curies":[{"name":"wp","href":"https:\/\/api.w.org\/{rel}","templated":true}]}}