{"id":7659,"date":"2024-09-01T16:03:47","date_gmt":"2024-09-01T14:03:47","guid":{"rendered":"https:\/\/armbruster.com\/impressum\/"},"modified":"2026-03-30T15:19:36","modified_gmt":"2026-03-30T13:19:36","slug":"impressum","status":"publish","type":"page","link":"https:\/\/armbruster.com\/it\/impressum\/","title":{"rendered":"Impressum"},"content":{"rendered":"\t\t<div data-elementor-type=\"wp-page\" data-elementor-id=\"7659\" class=\"elementor elementor-7659 elementor-10\" data-elementor-post-type=\"page\">\n\t\t\t\t<div class=\"elementor-element elementor-element-051df12 e-flex e-con-boxed e-con e-parent\" data-id=\"051df12\" data-element_type=\"container\" data-settings=\"{&quot;background_background&quot;:&quot;classic&quot;}\">\n\t\t\t\t\t<div class=\"e-con-inner\">\n\t\t\t\t<div class=\"elementor-element elementor-element-b523c78 elementor-widget elementor-widget-heading\" data-id=\"b523c78\" data-element_type=\"widget\" data-widget_type=\"heading.default\">\n\t\t\t\t<div class=\"elementor-widget-container\">\n\t\t\t\t\t<h1 class=\"elementor-heading-title elementor-size-default\">Impressum<\/h1>\t\t\t\t<\/div>\n\t\t\t\t<\/div>\n\t\t<div class=\"elementor-element elementor-element-a8da654 e-con-full e-flex e-con e-child\" data-id=\"a8da654\" data-element_type=\"container\">\n\t\t\t\t<div class=\"elementor-element elementor-element-6db100f elementor-widget elementor-widget-heading\" data-id=\"6db100f\" data-element_type=\"widget\" data-widget_type=\"heading.default\">\n\t\t\t\t<div class=\"elementor-widget-container\">\n\t\t\t\t\t<div class=\"elementor-heading-title elementor-size-default\">Informazioni ai sensi del \u00a7 5 della legge sui servizi digitali (DDG)<\/div>\t\t\t\t<\/div>\n\t\t\t\t<\/div>\n\t\t\t\t<div class=\"elementor-element elementor-element-30e3e8f elementor-widget elementor-widget-text-editor\" data-id=\"30e3e8f\" data-element_type=\"widget\" data-widget_type=\"text-editor.default\">\n\t\t\t\t<div class=\"elementor-widget-container\">\n\t\t\t\t\t\t\t\t\t<p>Armbruster GmbH<br>Josef-Maier-Str. 6<br>D-77790 Steinach<br>Germania<\/p><p>Registro delle imprese: HRB 702522<br>Tribunale del registro: Tribunale locale di Friburgo<\/p><p><strong>Rappresentata dagli amministratori delegati:<\/strong><br>Tobias Armbruster<br>Florian Armbruster<\/p>\t\t\t\t\t\t\t\t<\/div>\n\t\t\t\t<\/div>\n\t\t\t\t<\/div>\n\t\t<div class=\"elementor-element elementor-element-b58aac6 e-con-full e-flex e-con e-child\" data-id=\"b58aac6\" data-element_type=\"container\">\n\t\t\t\t<div class=\"elementor-element elementor-element-3cbaed2 elementor-widget elementor-widget-heading\" data-id=\"3cbaed2\" data-element_type=\"widget\" data-widget_type=\"heading.default\">\n\t\t\t\t<div class=\"elementor-widget-container\">\n\t\t\t\t\t<div class=\"elementor-heading-title elementor-size-default\">Contatti<\/div>\t\t\t\t<\/div>\n\t\t\t\t<\/div>\n\t\t\t\t<div class=\"elementor-element elementor-element-3d71fb6 elementor-widget elementor-widget-text-editor\" data-id=\"3d71fb6\" data-element_type=\"widget\" data-widget_type=\"text-editor.default\">\n\t\t\t\t<div class=\"elementor-widget-container\">\n\t\t\t\t\t\t\t\t\t<p>Telefono: <a href=\"tel:+497832975910\">+49 7832 97591-0<\/a><br>E-Mail: <a class=\"mail-link\" href=\"mailto:info@armbruster.com\" data-enc-email=\"vasb[at]nezoehfgre.pbz\" data-wpel-link=\"ignore\"><span id=\"wpmt-267869-947479\">info@armbruster.com<\/span><\/a><\/p>\t\t\t\t\t\t\t\t<\/div>\n\t\t\t\t<\/div>\n\t\t\t\t<\/div>\n\t\t<div class=\"elementor-element elementor-element-f8573f9 e-con-full e-flex e-con e-child\" data-id=\"f8573f9\" data-element_type=\"container\">\n\t\t\t\t<div class=\"elementor-element elementor-element-a9cc7b7 elementor-widget elementor-widget-heading\" data-id=\"a9cc7b7\" data-element_type=\"widget\" data-widget_type=\"heading.default\">\n\t\t\t\t<div class=\"elementor-widget-container\">\n\t\t\t\t\t<div class=\"elementor-heading-title elementor-size-default\">Partita IVA<\/div>\t\t\t\t<\/div>\n\t\t\t\t<\/div>\n\t\t\t\t<div class=\"elementor-element elementor-element-7300540 elementor-widget elementor-widget-text-editor\" data-id=\"7300540\" data-element_type=\"widget\" data-widget_type=\"text-editor.default\">\n\t\t\t\t<div class=\"elementor-widget-container\">\n\t\t\t\t\t\t\t\t\t<p>Numero di identificazione fiscale ai sensi del \u00a727 a della legge sull&#8217;imposta sul valore aggiunto:<br>DE260664248<\/p>\t\t\t\t\t\t\t\t<\/div>\n\t\t\t\t<\/div>\n\t\t\t\t<\/div>\n\t\t<div class=\"elementor-element elementor-element-abe3cbb e-con-full e-flex e-con e-child\" data-id=\"abe3cbb\" data-element_type=\"container\">\n\t\t\t\t<div class=\"elementor-element elementor-element-7676224 elementor-widget elementor-widget-heading\" data-id=\"7676224\" data-element_type=\"widget\" data-widget_type=\"heading.default\">\n\t\t\t\t<div class=\"elementor-widget-container\">\n\t\t\t\t\t<div class=\"elementor-heading-title elementor-size-default\">Responsabilit\u00e0 per i contenuti<\/div>\t\t\t\t<\/div>\n\t\t\t\t<\/div>\n\t\t\t\t<div class=\"elementor-element elementor-element-f7c14e5 elementor-widget elementor-widget-text-editor\" data-id=\"f7c14e5\" data-element_type=\"widget\" data-widget_type=\"text-editor.default\">\n\t\t\t\t<div class=\"elementor-widget-container\">\n\t\t\t\t\t\t\t\t\t<p>In qualit\u00e0 di fornitori di servizi, siamo responsabili ai sensi del \u00a7 7 comma 1 DDG per i contenuti propri presenti su queste pagine secondo le leggi generali. Tuttavia, in qualit\u00e0 di fornitori di servizi, non siamo obbligati a monitorare le informazioni trasmesse o memorizzate da terzi n\u00e9 a indagare su circostanze che indicano un&#8217;attivit\u00e0 illegale. Gli obblighi di rimuovere o bloccare l&#8217;utilizzo delle informazioni secondo le leggi generali rimangono invariati. Tuttavia, la responsabilit\u00e0 in tal senso \u00e8 possibile solo a partire dal momento in cui si viene a conoscenza di una violazione concreta della legge. Non appena veniamo a conoscenza di tali violazioni, provvederemo a rimuovere immediatamente tali contenuti.     <\/p>\t\t\t\t\t\t\t\t<\/div>\n\t\t\t\t<\/div>\n\t\t\t\t<\/div>\n\t\t<div class=\"elementor-element elementor-element-73d1813 e-con-full e-flex e-con e-child\" data-id=\"73d1813\" data-element_type=\"container\">\n\t\t\t\t<div class=\"elementor-element elementor-element-0d6c18c elementor-widget elementor-widget-heading\" data-id=\"0d6c18c\" data-element_type=\"widget\" data-widget_type=\"heading.default\">\n\t\t\t\t<div class=\"elementor-widget-container\">\n\t\t\t\t\t<div class=\"elementor-heading-title elementor-size-default\">Responsabilit\u00e0 per i link<\/div>\t\t\t\t<\/div>\n\t\t\t\t<\/div>\n\t\t\t\t<div class=\"elementor-element elementor-element-fda9db0 elementor-widget elementor-widget-text-editor\" data-id=\"fda9db0\" data-element_type=\"widget\" data-widget_type=\"text-editor.default\">\n\t\t\t\t<div class=\"elementor-widget-container\">\n\t\t\t\t\t\t\t\t\t<p>La nostra offerta contiene link a siti web esterni di terzi sui cui contenuti non abbiamo alcuna influenza. Pertanto non possiamo assumerci alcuna responsabilit\u00e0 per questi contenuti esterni. Il responsabile dei contenuti delle pagine collegate \u00e8 sempre il rispettivo fornitore o gestore delle pagine. Al momento della creazione del link, le pagine collegate sono state controllate per verificare la presenza di eventuali violazioni della legge. Al momento della creazione del link non sono stati riscontrati contenuti illegali. Tuttavia, non \u00e8 ragionevole effettuare un controllo permanente dei contenuti delle pagine collegate senza indizi concreti di una violazione della legge. Non appena veniamo a conoscenza di violazioni della legge, provvederemo a rimuovere immediatamente tali link.      <\/p>\t\t\t\t\t\t\t\t<\/div>\n\t\t\t\t<\/div>\n\t\t\t\t<\/div>\n\t\t<div class=\"elementor-element elementor-element-4cfb4b5 e-con-full e-flex e-con e-child\" data-id=\"4cfb4b5\" data-element_type=\"container\">\n\t\t\t\t<div class=\"elementor-element elementor-element-cf81c73 elementor-widget elementor-widget-heading\" data-id=\"cf81c73\" data-element_type=\"widget\" data-widget_type=\"heading.default\">\n\t\t\t\t<div class=\"elementor-widget-container\">\n\t\t\t\t\t<div class=\"elementor-heading-title elementor-size-default\">Diritto d'autore<\/div>\t\t\t\t<\/div>\n\t\t\t\t<\/div>\n\t\t\t\t<div class=\"elementor-element elementor-element-18da8b3 elementor-widget elementor-widget-text-editor\" data-id=\"18da8b3\" data-element_type=\"widget\" data-widget_type=\"text-editor.default\">\n\t\t\t\t<div class=\"elementor-widget-container\">\n\t\t\t\t\t\t\t\t\t<p>I contenuti e le opere creati dai gestori delle pagine su queste pagine sono soggetti al diritto d&#8217;autore tedesco. La riproduzione, l&#8217;elaborazione, la distribuzione e qualsiasi tipo di utilizzo al di fuori dei limiti del diritto d&#8217;autore richiedono il consenso scritto del rispettivo autore o creatore. I download e le copie di questa pagina sono consentiti solo per uso privato e non commerciale.  <\/p><p>Nella misura in cui i contenuti di questo sito non sono stati creati dal gestore, vengono rispettati i diritti d&#8217;autore di terzi. In particolare, i contenuti di terzi sono contrassegnati come tali. Se tuttavia dovessi riscontrare una violazione del diritto d&#8217;autore, ti preghiamo di segnalarcelo. Non appena veniamo a conoscenza di violazioni della legge, provvederemo a rimuovere immediatamente tali contenuti.   <\/p>\t\t\t\t\t\t\t\t<\/div>\n\t\t\t\t<\/div>\n\t\t\t\t<\/div>\n\t\t<div class=\"elementor-element elementor-element-317090b e-con-full e-flex e-con e-child\" data-id=\"317090b\" data-element_type=\"container\">\n\t\t\t\t<div class=\"elementor-element elementor-element-ffad877 elementor-widget elementor-widget-heading\" data-id=\"ffad877\" data-element_type=\"widget\" data-widget_type=\"heading.default\">\n\t\t\t\t<div class=\"elementor-widget-container\">\n\t\t\t\t\t<div class=\"elementor-heading-title elementor-size-default\">Ideazione, progettazione e realizzazione<\/div>\t\t\t\t<\/div>\n\t\t\t\t<\/div>\n\t\t\t\t<div class=\"elementor-element elementor-element-46fb3f1 elementor-widget elementor-widget-text-editor\" data-id=\"46fb3f1\" data-element_type=\"widget\" data-widget_type=\"text-editor.default\">\n\t\t\t\t<div class=\"elementor-widget-container\">\n\t\t\t\t\t\t\t\t\t<p><strong>GRUPPE DREI\u00ae <\/strong><strong>GmbH<\/strong><\/p>\n\n<p>Goldenb\u00fchlstra\u00dfe 12<br>D-78048 VS-Villingen<\/p>\n\n<p>Telefono: <a href=\"tel:0049772184210\" title=\"Chiama GRUPPE DREI GmbH\">+49 (0) 77 21 84 21-0<\/a><\/p>\n\n<p>E-Mail: <a class=\"mail\" href=\"mailto:info@gruppedrei.com\" title=\"Scrivi un'e-mail al GRUPPE DREI\">info@gruppedrei.com<\/a><br>Web: <a class=\"external-link-new-window\" href=\"https:\/\/www.gruppedrei.com\/\" target=\"_blank\" title=\"Visita il sito web di GRUPPE DREI GmbH\">www.gruppedrei.com<\/a><\/p>\t\t\t\t\t\t\t\t<\/div>\n\t\t\t\t<\/div>\n\t\t\t\t<\/div>\n\t\t\t\t<div class=\"elementor-element elementor-element-f5a9558 elementor-absolute elementor-widget elementor-widget-image\" data-id=\"f5a9558\" data-element_type=\"widget\" data-settings=\"{&quot;_position&quot;:&quot;absolute&quot;}\" data-widget_type=\"image.default\">\n\t\t\t\t<div class=\"elementor-widget-container\">\n\t\t\t\t\t\t\t\t\t\t\t\t\t\t\t<img fetchpriority=\"high\" decoding=\"async\" width=\"180\" height=\"1024\" src=\"https:\/\/armbruster.com\/wp-content\/uploads\/2025\/03\/corner.svg\" class=\"attachment-large size-large wp-image-7364\" alt=\"\" \/>\t\t\t\t\t\t\t\t\t\t\t\t\t\t\t<\/div>\n\t\t\t\t<\/div>\n\t\t\t\t\t<\/div>\n\t\t\t\t<\/div>\n\t\t\t\t<\/div>\n\t\t","protected":false},"excerpt":{"rendered":"<p>Impressum Informazioni ai sensi del \u00a7 5 della legge sui servizi digitali (DDG) Armbruster GmbHJosef-Maier-Str. 6D-77790 SteinachGermania Registro delle imprese: HRB 702522Tribunale del registro: Tribunale locale di Friburgo Rappresentata dagli amministratori delegati:Tobias ArmbrusterFlorian Armbruster Contatti Telefono: +49 7832 97591-0E-Mail: info@armbruster.com Partita IVA Numero di identificazione fiscale ai sensi del \u00a727 a della legge sull&#8217;imposta sul [&hellip;]<\/p>\n","protected":false},"author":1,"featured_media":0,"parent":0,"menu_order":100,"comment_status":"closed","ping_status":"closed","template":"elementor_theme","meta":{"_acf_changed":false,"footnotes":""},"class_list":["post-7659","page","type-page","status-publish","hentry"],"acf":[],"yoast_head":"<!-- This site is optimized with the Yoast SEO plugin v26.7 - https:\/\/yoast.com\/wordpress\/plugins\/seo\/ -->\n<title>Impressum - Armbruster GmbH \u2013 Medizintechnik | Pr\u00e4zisionstechnik<\/title>\n<meta name=\"robots\" content=\"index, follow, max-snippet:-1, max-image-preview:large, max-video-preview:-1\" \/>\n<link rel=\"canonical\" href=\"https:\/\/armbruster.com\/it\/impressum\/\" \/>\n<meta property=\"og:locale\" content=\"it_IT\" \/>\n<meta property=\"og:type\" content=\"article\" \/>\n<meta property=\"og:title\" content=\"Impressum - Armbruster GmbH \u2013 Medizintechnik | Pr\u00e4zisionstechnik\" \/>\n<meta property=\"og:description\" content=\"Impressum Informazioni ai sensi del \u00a7 5 della legge sui servizi digitali (DDG) Armbruster GmbHJosef-Maier-Str. 6D-77790 SteinachGermania Registro delle imprese: HRB 702522Tribunale del registro: Tribunale locale di Friburgo Rappresentata dagli amministratori delegati:Tobias ArmbrusterFlorian Armbruster Contatti Telefono: +49 7832 97591-0E-Mail: info@armbruster.com Partita IVA Numero di identificazione fiscale ai sensi del \u00a727 a della legge sull&#8217;imposta sul [&hellip;]\" \/>\n<meta property=\"og:url\" content=\"https:\/\/armbruster.com\/it\/impressum\/\" \/>\n<meta property=\"og:site_name\" content=\"Armbruster GmbH \u2013 Medizintechnik | Pr\u00e4zisionstechnik\" \/>\n<meta property=\"article:modified_time\" content=\"2026-03-30T13:19:36+00:00\" \/>\n<meta name=\"twitter:card\" content=\"summary_large_image\" \/>\n<meta name=\"twitter:label1\" content=\"Tempo di lettura stimato\" \/>\n\t<meta name=\"twitter:data1\" content=\"2 minuti\" \/>\n<script type=\"application\/ld+json\" class=\"yoast-schema-graph\">{\"@context\":\"https:\/\/schema.org\",\"@graph\":[{\"@type\":\"WebPage\",\"@id\":\"https:\/\/armbruster.com\/it\/impressum\/\",\"url\":\"https:\/\/armbruster.com\/it\/impressum\/\",\"name\":\"Impressum - Armbruster GmbH \u2013 Medizintechnik | Pr\u00e4zisionstechnik\",\"isPartOf\":{\"@id\":\"https:\/\/armbruster.com\/it\/#website\"},\"primaryImageOfPage\":{\"@id\":\"https:\/\/armbruster.com\/it\/impressum\/#primaryimage\"},\"image\":{\"@id\":\"https:\/\/armbruster.com\/it\/impressum\/#primaryimage\"},\"thumbnailUrl\":\"https:\/\/armbruster.com\/wp-content\/uploads\/2025\/03\/corner.svg\",\"datePublished\":\"2024-09-01T14:03:47+00:00\",\"dateModified\":\"2026-03-30T13:19:36+00:00\",\"breadcrumb\":{\"@id\":\"https:\/\/armbruster.com\/it\/impressum\/#breadcrumb\"},\"inLanguage\":\"it-IT\",\"potentialAction\":[{\"@type\":\"ReadAction\",\"target\":[\"https:\/\/armbruster.com\/it\/impressum\/\"]}]},{\"@type\":\"ImageObject\",\"inLanguage\":\"it-IT\",\"@id\":\"https:\/\/armbruster.com\/it\/impressum\/#primaryimage\",\"url\":\"https:\/\/armbruster.com\/wp-content\/uploads\/2025\/03\/corner.svg\",\"contentUrl\":\"https:\/\/armbruster.com\/wp-content\/uploads\/2025\/03\/corner.svg\"},{\"@type\":\"BreadcrumbList\",\"@id\":\"https:\/\/armbruster.com\/it\/impressum\/#breadcrumb\",\"itemListElement\":[{\"@type\":\"ListItem\",\"position\":1,\"name\":\"Startseite\",\"item\":\"https:\/\/armbruster.com\/it\/pagina-iniziale\/\"},{\"@type\":\"ListItem\",\"position\":2,\"name\":\"Impressum\"}]},{\"@type\":\"WebSite\",\"@id\":\"https:\/\/armbruster.com\/it\/#website\",\"url\":\"https:\/\/armbruster.com\/it\/\",\"name\":\"Armbruster GmbH \u2013 Medizintechnik | Pr\u00e4zisionstechnik\",\"description\":\"Steinach im Kinzigtal  \u2013 Medizin + Industrie\",\"publisher\":{\"@id\":\"https:\/\/armbruster.com\/it\/#organization\"},\"potentialAction\":[{\"@type\":\"SearchAction\",\"target\":{\"@type\":\"EntryPoint\",\"urlTemplate\":\"https:\/\/armbruster.com\/it\/?s={search_term_string}\"},\"query-input\":{\"@type\":\"PropertyValueSpecification\",\"valueRequired\":true,\"valueName\":\"search_term_string\"}}],\"inLanguage\":\"it-IT\"},{\"@type\":\"Organization\",\"@id\":\"https:\/\/armbruster.com\/it\/#organization\",\"name\":\"Armbruster GmbH \u2013 Medizintechnik | Pr\u00e4zisionstechnik\",\"url\":\"https:\/\/armbruster.com\/it\/\",\"logo\":{\"@type\":\"ImageObject\",\"inLanguage\":\"it-IT\",\"@id\":\"https:\/\/armbruster.com\/it\/#\/schema\/logo\/image\/\",\"url\":\"https:\/\/armbruster.com\/wp-content\/uploads\/2023\/10\/logo.svg\",\"contentUrl\":\"https:\/\/armbruster.com\/wp-content\/uploads\/2023\/10\/logo.svg\",\"width\":323,\"height\":53,\"caption\":\"Armbruster GmbH \u2013 Medizintechnik | Pr\u00e4zisionstechnik\"},\"image\":{\"@id\":\"https:\/\/armbruster.com\/it\/#\/schema\/logo\/image\/\"}}]}<\/script>\n<!-- \/ Yoast SEO plugin. -->","yoast_head_json":{"title":"Impressum - Armbruster GmbH \u2013 Medizintechnik | Pr\u00e4zisionstechnik","robots":{"index":"index","follow":"follow","max-snippet":"max-snippet:-1","max-image-preview":"max-image-preview:large","max-video-preview":"max-video-preview:-1"},"canonical":"https:\/\/armbruster.com\/it\/impressum\/","og_locale":"it_IT","og_type":"article","og_title":"Impressum - Armbruster GmbH \u2013 Medizintechnik | Pr\u00e4zisionstechnik","og_description":"Impressum Informazioni ai sensi del \u00a7 5 della legge sui servizi digitali (DDG) Armbruster GmbHJosef-Maier-Str. 6D-77790 SteinachGermania Registro delle imprese: HRB 702522Tribunale del registro: Tribunale locale di Friburgo Rappresentata dagli amministratori delegati:Tobias ArmbrusterFlorian Armbruster Contatti Telefono: +49 7832 97591-0E-Mail: info@armbruster.com Partita IVA Numero di identificazione fiscale ai sensi del \u00a727 a della legge sull&#8217;imposta sul [&hellip;]","og_url":"https:\/\/armbruster.com\/it\/impressum\/","og_site_name":"Armbruster GmbH \u2013 Medizintechnik | Pr\u00e4zisionstechnik","article_modified_time":"2026-03-30T13:19:36+00:00","twitter_card":"summary_large_image","twitter_misc":{"Tempo di lettura stimato":"2 minuti"},"schema":{"@context":"https:\/\/schema.org","@graph":[{"@type":"WebPage","@id":"https:\/\/armbruster.com\/it\/impressum\/","url":"https:\/\/armbruster.com\/it\/impressum\/","name":"Impressum - Armbruster GmbH \u2013 Medizintechnik | Pr\u00e4zisionstechnik","isPartOf":{"@id":"https:\/\/armbruster.com\/it\/#website"},"primaryImageOfPage":{"@id":"https:\/\/armbruster.com\/it\/impressum\/#primaryimage"},"image":{"@id":"https:\/\/armbruster.com\/it\/impressum\/#primaryimage"},"thumbnailUrl":"https:\/\/armbruster.com\/wp-content\/uploads\/2025\/03\/corner.svg","datePublished":"2024-09-01T14:03:47+00:00","dateModified":"2026-03-30T13:19:36+00:00","breadcrumb":{"@id":"https:\/\/armbruster.com\/it\/impressum\/#breadcrumb"},"inLanguage":"it-IT","potentialAction":[{"@type":"ReadAction","target":["https:\/\/armbruster.com\/it\/impressum\/"]}]},{"@type":"ImageObject","inLanguage":"it-IT","@id":"https:\/\/armbruster.com\/it\/impressum\/#primaryimage","url":"https:\/\/armbruster.com\/wp-content\/uploads\/2025\/03\/corner.svg","contentUrl":"https:\/\/armbruster.com\/wp-content\/uploads\/2025\/03\/corner.svg"},{"@type":"BreadcrumbList","@id":"https:\/\/armbruster.com\/it\/impressum\/#breadcrumb","itemListElement":[{"@type":"ListItem","position":1,"name":"Startseite","item":"https:\/\/armbruster.com\/it\/pagina-iniziale\/"},{"@type":"ListItem","position":2,"name":"Impressum"}]},{"@type":"WebSite","@id":"https:\/\/armbruster.com\/it\/#website","url":"https:\/\/armbruster.com\/it\/","name":"Armbruster GmbH \u2013 Medizintechnik | Pr\u00e4zisionstechnik","description":"Steinach im Kinzigtal  \u2013 Medizin + Industrie","publisher":{"@id":"https:\/\/armbruster.com\/it\/#organization"},"potentialAction":[{"@type":"SearchAction","target":{"@type":"EntryPoint","urlTemplate":"https:\/\/armbruster.com\/it\/?s={search_term_string}"},"query-input":{"@type":"PropertyValueSpecification","valueRequired":true,"valueName":"search_term_string"}}],"inLanguage":"it-IT"},{"@type":"Organization","@id":"https:\/\/armbruster.com\/it\/#organization","name":"Armbruster GmbH \u2013 Medizintechnik | Pr\u00e4zisionstechnik","url":"https:\/\/armbruster.com\/it\/","logo":{"@type":"ImageObject","inLanguage":"it-IT","@id":"https:\/\/armbruster.com\/it\/#\/schema\/logo\/image\/","url":"https:\/\/armbruster.com\/wp-content\/uploads\/2023\/10\/logo.svg","contentUrl":"https:\/\/armbruster.com\/wp-content\/uploads\/2023\/10\/logo.svg","width":323,"height":53,"caption":"Armbruster GmbH \u2013 Medizintechnik | Pr\u00e4zisionstechnik"},"image":{"@id":"https:\/\/armbruster.com\/it\/#\/schema\/logo\/image\/"}}]}},"_links":{"self":[{"href":"https:\/\/armbruster.com\/it\/wp-json\/wp\/v2\/pages\/7659","targetHints":{"allow":["GET"]}}],"collection":[{"href":"https:\/\/armbruster.com\/it\/wp-json\/wp\/v2\/pages"}],"about":[{"href":"https:\/\/armbruster.com\/it\/wp-json\/wp\/v2\/types\/page"}],"author":[{"embeddable":true,"href":"https:\/\/armbruster.com\/it\/wp-json\/wp\/v2\/users\/1"}],"replies":[{"embeddable":true,"href":"https:\/\/armbruster.com\/it\/wp-json\/wp\/v2\/comments?post=7659"}],"version-history":[{"count":2,"href":"https:\/\/armbruster.com\/it\/wp-json\/wp\/v2\/pages\/7659\/revisions"}],"predecessor-version":[{"id":7771,"href":"https:\/\/armbruster.com\/it\/wp-json\/wp\/v2\/pages\/7659\/revisions\/7771"}],"wp:attachment":[{"href":"https:\/\/armbruster.com\/it\/wp-json\/wp\/v2\/media?parent=7659"}],"curies":[{"name":"wp","href":"https:\/\/api.w.org\/{rel}","templated":true}]}}