{"id":7661,"date":"2024-09-20T11:13:30","date_gmt":"2024-09-20T09:13:30","guid":{"rendered":"https:\/\/armbruster.com\/accessibilita\/"},"modified":"2026-01-13T16:48:17","modified_gmt":"2026-01-13T15:48:17","slug":"accessibilita","status":"publish","type":"page","link":"https:\/\/armbruster.com\/it\/accessibilita\/","title":{"rendered":"Accessibilit\u00e0"},"content":{"rendered":"\t\t<div data-elementor-type=\"wp-page\" data-elementor-id=\"7661\" class=\"elementor elementor-7661 elementor-220\" data-elementor-post-type=\"page\">\n\t\t\t\t<div class=\"elementor-element elementor-element-300658e e-flex e-con-boxed e-con e-parent\" data-id=\"300658e\" data-element_type=\"container\" data-settings=\"{&quot;background_background&quot;:&quot;classic&quot;}\">\n\t\t\t\t\t<div class=\"e-con-inner\">\n\t\t\t\t<div class=\"elementor-element elementor-element-dd6b89d elementor-widget elementor-widget-heading\" data-id=\"dd6b89d\" data-element_type=\"widget\" data-widget_type=\"heading.default\">\n\t\t\t\t<div class=\"elementor-widget-container\">\n\t\t\t\t\t<h1 class=\"elementor-heading-title elementor-size-default\">Dichiarazione di accessibilit\u00e0<\/h1>\t\t\t\t<\/div>\n\t\t\t\t<\/div>\n\t\t<div class=\"elementor-element elementor-element-a0e0c49 e-con-full e-flex e-con e-child\" data-id=\"a0e0c49\" data-element_type=\"container\">\n\t\t\t\t<div class=\"elementor-element elementor-element-0cfa8ca elementor-widget elementor-widget-text-editor\" data-id=\"0cfa8ca\" data-element_type=\"widget\" data-widget_type=\"text-editor.default\">\n\t\t\t\t<div class=\"elementor-widget-container\">\n\t\t\t\t\t\t\t\t\t<p>Armbruster GmbH si impegna a rendere il proprio sito web accessibile in conformit\u00e0 con il \u00a7 11 comma 1 della legge regionale sull&#8217;uguaglianza dei disabili (LBGG) e con i requisiti di accessibilit\u00e0 di cui al \u00a7 13 comma 3 LBGG.<\/p><p>La presente dichiarazione di accessibilit\u00e0 si applica al sito armbruster.com.<\/p>\t\t\t\t\t\t\t\t<\/div>\n\t\t\t\t<\/div>\n\t\t\t\t<\/div>\n\t\t<div class=\"elementor-element elementor-element-0b70cbf e-con-full e-flex e-con e-child\" data-id=\"0b70cbf\" data-element_type=\"container\">\n\t\t\t\t<div class=\"elementor-element elementor-element-463b208 elementor-widget elementor-widget-heading\" data-id=\"463b208\" data-element_type=\"widget\" data-widget_type=\"heading.default\">\n\t\t\t\t<div class=\"elementor-widget-container\">\n\t\t\t\t\t<div class=\"elementor-heading-title elementor-size-default\">Stato di conformit\u00e0 ai requisiti<\/div>\t\t\t\t<\/div>\n\t\t\t\t<\/div>\n\t\t\t\t<div class=\"elementor-element elementor-element-ba4673e elementor-widget elementor-widget-text-editor\" data-id=\"ba4673e\" data-element_type=\"widget\" data-widget_type=\"text-editor.default\">\n\t\t\t\t<div class=\"elementor-widget-container\">\n\t\t\t\t\t\t\t\t\t<p>Questo sito web \u00e8 parzialmente conforme al \u00a7 13 comma 3 LBGG.<\/p>\t\t\t\t\t\t\t\t<\/div>\n\t\t\t\t<\/div>\n\t\t\t\t<\/div>\n\t\t<div class=\"elementor-element elementor-element-cec4266 e-con-full e-flex e-con e-child\" data-id=\"cec4266\" data-element_type=\"container\">\n\t\t\t\t<div class=\"elementor-element elementor-element-4b3c207 elementor-widget elementor-widget-heading\" data-id=\"4b3c207\" data-element_type=\"widget\" data-widget_type=\"heading.default\">\n\t\t\t\t<div class=\"elementor-widget-container\">\n\t\t\t\t\t<div class=\"elementor-heading-title elementor-size-default\">Aree non accessibili<\/div>\t\t\t\t<\/div>\n\t\t\t\t<\/div>\n\t\t\t\t<div class=\"elementor-element elementor-element-2b4ef95 elementor-widget elementor-widget-text-editor\" data-id=\"2b4ef95\" data-element_type=\"widget\" data-widget_type=\"text-editor.default\">\n\t\t\t\t<div class=\"elementor-widget-container\">\n\t\t\t\t\t\t\t\t\t<p>I contenuti elencati di seguito non sono accessibili:<\/p><ul><li>Download PDF<\/li><li>Video<\/li><li>Singole pagine del nostro sito che sono ancora in fase di revisione<\/li><\/ul>\t\t\t\t\t\t\t\t<\/div>\n\t\t\t\t<\/div>\n\t\t\t\t<\/div>\n\t\t<div class=\"elementor-element elementor-element-5c2bc07 e-con-full e-flex e-con e-child\" data-id=\"5c2bc07\" data-element_type=\"container\">\n\t\t\t\t<div class=\"elementor-element elementor-element-5a124e5 elementor-widget elementor-widget-heading\" data-id=\"5a124e5\" data-element_type=\"widget\" data-widget_type=\"heading.default\">\n\t\t\t\t<div class=\"elementor-widget-container\">\n\t\t\t\t\t<div class=\"elementor-heading-title elementor-size-default\">Creazione della presente dichiarazione di accessibilit\u00e0<\/div>\t\t\t\t<\/div>\n\t\t\t\t<\/div>\n\t\t\t\t<div class=\"elementor-element elementor-element-ad9eeb5 elementor-widget elementor-widget-text-editor\" data-id=\"ad9eeb5\" data-element_type=\"widget\" data-widget_type=\"text-editor.default\">\n\t\t\t\t<div class=\"elementor-widget-container\">\n\t\t\t\t\t\t\t\t\t<p>La presente dichiarazione \u00e8 stata redatta il 27\/03\/2025.<\/p><p>Le affermazioni relative alla conformit\u00e0 ai requisiti di accessibilit\u00e0 contenute nella presente dichiarazione si basano su un&#8217;autovalutazione.<\/p><p>La dichiarazione \u00e8 stata verificata l&#8217;ultima volta il 27\/03\/2025.<\/p>\t\t\t\t\t\t\t\t<\/div>\n\t\t\t\t<\/div>\n\t\t\t\t<\/div>\n\t\t<div class=\"elementor-element elementor-element-754a910 e-con-full e-flex e-con e-child\" data-id=\"754a910\" data-element_type=\"container\">\n\t\t\t\t<div class=\"elementor-element elementor-element-a407a4f elementor-widget elementor-widget-heading\" data-id=\"a407a4f\" data-element_type=\"widget\" data-widget_type=\"heading.default\">\n\t\t\t\t<div class=\"elementor-widget-container\">\n\t\t\t\t\t<div class=\"elementor-heading-title elementor-size-default\">Feedback und Kontaktangaben<\/div>\t\t\t\t<\/div>\n\t\t\t\t<\/div>\n\t\t\t\t<div class=\"elementor-element elementor-element-cb0c483 elementor-widget elementor-widget-text-editor\" data-id=\"cb0c483\" data-element_type=\"widget\" data-widget_type=\"text-editor.default\">\n\t\t\t\t<div class=\"elementor-widget-container\">\n\t\t\t\t\t\t\t\t\t<p>Desiderate segnalarci barriere esistenti o richiedere informazioni sull&#8217;attuazione dell&#8217;accessibilit\u00e0? Per il vostro feedback e per ulteriori informazioni, contattateci: <\/p><p><strong>Armbruster GmbH<\/strong><br>Josef-Maier-Str. 6, D-77790 Steinach, Germania<br>E-Mail: <a href=\"mailto:info@armbruster.com\">info@armbruster.com<\/a><br>Telefono: <a href=\"tel:+497832975910\">+49 7832 97591-0<\/a> <br><br><\/p>\t\t\t\t\t\t\t\t<\/div>\n\t\t\t\t<\/div>\n\t\t\t\t<\/div>\n\t\t<div class=\"elementor-element elementor-element-dda72b6 e-con-full e-flex e-con e-child\" data-id=\"dda72b6\" data-element_type=\"container\">\n\t\t\t\t<div class=\"elementor-element elementor-element-7594a4c elementor-widget elementor-widget-heading\" data-id=\"7594a4c\" data-element_type=\"widget\" data-widget_type=\"heading.default\">\n\t\t\t\t<div class=\"elementor-widget-container\">\n\t\t\t\t\t<div class=\"elementor-heading-title elementor-size-default\">Procedura di reclamo<\/div>\t\t\t\t<\/div>\n\t\t\t\t<\/div>\n\t\t\t\t<div class=\"elementor-element elementor-element-b746da3 elementor-widget elementor-widget-text-editor\" data-id=\"b746da3\" data-element_type=\"widget\" data-widget_type=\"text-editor.default\">\n\t\t\t\t<div class=\"elementor-widget-container\">\n\t\t\t\t\t\t\t\t\t<p>Se anche dopo aver inviato il vostro feedback al contatto sopra indicato non \u00e8 stata trovata una soluzione soddisfacente, potete rivolgervi al responsabile del governo regionale per le questioni relative alle persone con disabilit\u00e0 o al responsabile comunale per le questioni relative alle persone con disabilit\u00e0 nell&#8217;ambito della funzione di mediazione descritta nel \u00a7 14 comma 2 L-BGG e nel \u00a7 15 comma 3 frase 2 L-BGG.<\/p><p>\u00c8 possibile contattare il rappresentante del governo regionale per le questioni relative alle persone con disabilit\u00e0 ai seguenti recapiti:<\/p><p><strong>Incaricata regionale per le questioni relative alle persone con disabilit\u00e0 Simone Fischer\u2028<\/strong><br>Ufficio dell&#8217;incaricata regionale per le questioni relative alle persone con disabilit\u00e0\u2028<br>Else-Josenhans-Stra\u00dfe 6\u2028<br>D-70173 Stuttgart<br>Germania<br>Telefono: <a href=\"tel:+497112793360\">+49 (0)711 279 3360<\/a>\u2028<br>E-Mail: <a href=\"mailto:Poststelle@bfbmb.bwl.de\">Poststelle@bfbmb.bwl.de<\/a><\/p>\t\t\t\t\t\t\t\t<\/div>\n\t\t\t\t<\/div>\n\t\t\t\t<\/div>\n\t\t<div class=\"elementor-element elementor-element-8079a68 e-con-full e-flex e-con e-child\" data-id=\"8079a68\" data-element_type=\"container\">\n\t\t\t\t<div class=\"elementor-element elementor-element-0f5d2a7 elementor-widget elementor-widget-heading\" data-id=\"0f5d2a7\" data-element_type=\"widget\" data-widget_type=\"heading.default\">\n\t\t\t\t<div class=\"elementor-widget-container\">\n\t\t\t\t\t<div class=\"elementor-heading-title elementor-size-default\">Segnalare le barriere<\/div>\t\t\t\t<\/div>\n\t\t\t\t<\/div>\n\t\t\t\t<div class=\"elementor-element elementor-element-38fe436 elementor-widget elementor-widget-text-editor\" data-id=\"38fe436\" data-element_type=\"widget\" data-widget_type=\"text-editor.default\">\n\t\t\t\t<div class=\"elementor-widget-container\">\n\t\t\t\t\t\t\t\t\t<p>La vostra segnalazione di una barriera o di un errore in questo sito web:<\/p>\t\t\t\t\t\t\t\t<\/div>\n\t\t\t\t<\/div>\n\t\t\t\t<div class=\"elementor-element elementor-element-717f8a8 elementor-button-align-start elementor-widget-mobile__width-inherit elementor-widget elementor-widget-form\" data-id=\"717f8a8\" data-element_type=\"widget\" data-settings=\"{&quot;step_next_label&quot;:&quot;Successivo&quot;,&quot;step_previous_label&quot;:&quot;Precedente&quot;,&quot;button_width&quot;:&quot;100&quot;,&quot;step_type&quot;:&quot;number_text&quot;,&quot;step_icon_shape&quot;:&quot;circle&quot;}\" data-widget_type=\"form.default\">\n\t\t\t\t<div class=\"elementor-widget-container\">\n\t\t\t\t\t\t\t<form class=\"elementor-form\" method=\"post\" name=\"Segnalare le barriere\" aria-label=\"Segnalare le barriere\">\n\t\t\t<input type=\"hidden\" name=\"post_id\" value=\"7661\"\/>\n\t\t\t<input type=\"hidden\" name=\"form_id\" value=\"717f8a8\"\/>\n\t\t\t<input type=\"hidden\" name=\"referer_title\" value=\"Accessibilit\u00e0 - Armbruster GmbH \u2013 Medizintechnik | Pr\u00e4zisionstechnik\" \/>\n\n\t\t\t\t\t\t\t<input type=\"hidden\" name=\"queried_id\" value=\"7661\"\/>\n\t\t\t\n\t\t\t<div class=\"elementor-form-fields-wrapper elementor-labels-above\">\n\t\t\t\t\t\t\t\t<div class=\"elementor-field-type-text elementor-field-group elementor-column elementor-field-group-vorname elementor-col-50 elementor-field-required elementor-mark-required\">\n\t\t\t\t\t\t\t\t\t\t\t\t<label for=\"form-field-vorname\" class=\"elementor-field-label\">\n\t\t\t\t\t\t\t\tNome\t\t\t\t\t\t\t<\/label>\n\t\t\t\t\t\t\t\t\t\t\t\t\t\t<input size=\"1\" type=\"text\" name=\"form_fields[vorname]\" id=\"form-field-vorname\" class=\"elementor-field elementor-size-sm  elementor-field-textual\" placeholder=\"Nome\" required=\"required\">\n\t\t\t\t\t\t\t\t\t\t\t<\/div>\n\t\t\t\t\t\t\t\t<div class=\"elementor-field-type-text elementor-field-group elementor-column elementor-field-group-nachname elementor-col-50 elementor-field-required elementor-mark-required\">\n\t\t\t\t\t\t\t\t\t\t\t\t<label for=\"form-field-nachname\" class=\"elementor-field-label\">\n\t\t\t\t\t\t\t\tCognome\t\t\t\t\t\t\t<\/label>\n\t\t\t\t\t\t\t\t\t\t\t\t\t\t<input size=\"1\" type=\"text\" name=\"form_fields[nachname]\" id=\"form-field-nachname\" class=\"elementor-field elementor-size-sm  elementor-field-textual\" placeholder=\"Cognome\" required=\"required\">\n\t\t\t\t\t\t\t\t\t\t\t<\/div>\n\t\t\t\t\t\t\t\t<div class=\"elementor-field-type-email elementor-field-group elementor-column elementor-field-group-email elementor-col-50 elementor-field-required elementor-mark-required\">\n\t\t\t\t\t\t\t\t\t\t\t\t<label for=\"form-field-email\" class=\"elementor-field-label\">\n\t\t\t\t\t\t\t\tE-Mail\t\t\t\t\t\t\t<\/label>\n\t\t\t\t\t\t\t\t\t\t\t\t\t\t<input size=\"1\" type=\"email\" name=\"form_fields[email]\" id=\"form-field-email\" class=\"elementor-field elementor-size-sm  elementor-field-textual\" placeholder=\"E-Mail\" required=\"required\">\n\t\t\t\t\t\t\t\t\t\t\t<\/div>\n\t\t\t\t\t\t\t\t<div class=\"elementor-field-type-text elementor-field-group elementor-column elementor-field-group-field_be45579 elementor-col-50 elementor-field-required elementor-mark-required\">\n\t\t\t\t\t\t\t\t\t\t\t\t<label for=\"form-field-field_be45579\" class=\"elementor-field-label\">\n\t\t\t\t\t\t\t\tPagina errata (link)\t\t\t\t\t\t\t<\/label>\n\t\t\t\t\t\t\t\t\t\t\t\t\t\t<input size=\"1\" type=\"text\" name=\"form_fields[field_be45579]\" id=\"form-field-field_be45579\" class=\"elementor-field elementor-size-sm  elementor-field-textual\" placeholder=\"Pagina errata (link)\" required=\"required\">\n\t\t\t\t\t\t\t\t\t\t\t<\/div>\n\t\t\t\t\t\t\t\t<div class=\"elementor-field-type-textarea elementor-field-group elementor-column elementor-field-group-message elementor-col-100 elementor-field-required elementor-mark-required\">\n\t\t\t\t\t\t\t\t\t\t\t\t<label for=\"form-field-message\" class=\"elementor-field-label\">\n\t\t\t\t\t\t\t\tDescrizione della barriera o dell'errore\t\t\t\t\t\t\t<\/label>\n\t\t\t\t\t\t<textarea class=\"elementor-field-textual elementor-field  elementor-size-sm\" name=\"form_fields[message]\" id=\"form-field-message\" rows=\"4\" placeholder=\"Descrizione della barriera o dell&#039;errore\" required=\"required\"><\/textarea>\t\t\t\t<\/div>\n\t\t\t\t\t\t\t\t<div class=\"elementor-field-type-html elementor-field-group elementor-column elementor-field-group-datenschutz elementor-col-100\">\n\t\t\t\t\tClicca qui per consultare la nostra <a href=\"https:\/\/armbruster.com\/datenschutzerklaerung\/\" target=\"_blank\">informativa sulla privacy<\/a>\t\t\t\t<\/div>\n\t\t\t\t\t\t\t\t<div class=\"elementor-field-group elementor-column elementor-field-type-submit elementor-col-100 e-form__buttons\">\n\t\t\t\t\t<button class=\"elementor-button elementor-size-sm\" type=\"submit\">\n\t\t\t\t\t\t<span class=\"elementor-button-content-wrapper\">\n\t\t\t\t\t\t\t\t\t\t\t\t\t\t\t\t\t\t\t\t\t\t<span class=\"elementor-button-text\">Invia ora<\/span>\n\t\t\t\t\t\t\t\t\t\t\t\t\t<\/span>\n\t\t\t\t\t<\/button>\n\t\t\t\t<\/div>\n\t\t\t<\/div>\n\t\t<\/form>\n\t\t\t\t\t\t<\/div>\n\t\t\t\t<\/div>\n\t\t\t\t<\/div>\n\t\t\t\t<div class=\"elementor-element elementor-element-26d2973 elementor-absolute elementor-widget elementor-widget-image\" data-id=\"26d2973\" data-element_type=\"widget\" data-settings=\"{&quot;_position&quot;:&quot;absolute&quot;}\" data-widget_type=\"image.default\">\n\t\t\t\t<div class=\"elementor-widget-container\">\n\t\t\t\t\t\t\t\t\t\t\t\t\t\t\t<img fetchpriority=\"high\" decoding=\"async\" width=\"180\" height=\"1024\" src=\"https:\/\/armbruster.com\/wp-content\/uploads\/2025\/03\/corner.svg\" class=\"attachment-large size-large wp-image-7364\" alt=\"\" \/>\t\t\t\t\t\t\t\t\t\t\t\t\t\t\t<\/div>\n\t\t\t\t<\/div>\n\t\t\t\t\t<\/div>\n\t\t\t\t<\/div>\n\t\t\t\t<\/div>\n\t\t","protected":false},"excerpt":{"rendered":"<p>Dichiarazione di accessibilit\u00e0 Armbruster GmbH si impegna a rendere il proprio sito web accessibile in conformit\u00e0 con il \u00a7 11 comma 1 della legge regionale sull&#8217;uguaglianza dei disabili (LBGG) e con i requisiti di accessibilit\u00e0 di cui al \u00a7 13 comma 3 LBGG. La presente dichiarazione di accessibilit\u00e0 si applica al sito armbruster.com. Stato di [&hellip;]<\/p>\n","protected":false},"author":1,"featured_media":0,"parent":0,"menu_order":120,"comment_status":"closed","ping_status":"closed","template":"elementor_theme","meta":{"_acf_changed":false,"footnotes":""},"class_list":["post-7661","page","type-page","status-publish","hentry"],"acf":[],"yoast_head":"<!-- This site is optimized with the Yoast SEO plugin v26.7 - https:\/\/yoast.com\/wordpress\/plugins\/seo\/ -->\n<title>Accessibilit\u00e0 - Armbruster GmbH \u2013 Medizintechnik | Pr\u00e4zisionstechnik<\/title>\n<meta name=\"robots\" content=\"index, follow, max-snippet:-1, max-image-preview:large, max-video-preview:-1\" \/>\n<link rel=\"canonical\" href=\"https:\/\/armbruster.com\/it\/accessibilita\/\" \/>\n<meta property=\"og:locale\" content=\"it_IT\" \/>\n<meta property=\"og:type\" content=\"article\" \/>\n<meta property=\"og:title\" content=\"Accessibilit\u00e0 - Armbruster GmbH \u2013 Medizintechnik | Pr\u00e4zisionstechnik\" \/>\n<meta property=\"og:description\" content=\"Dichiarazione di accessibilit\u00e0 Armbruster GmbH si impegna a rendere il proprio sito web accessibile in conformit\u00e0 con il \u00a7 11 comma 1 della legge regionale sull&#8217;uguaglianza dei disabili (LBGG) e con i requisiti di accessibilit\u00e0 di cui al \u00a7 13 comma 3 LBGG. La presente dichiarazione di accessibilit\u00e0 si applica al sito armbruster.com. Stato di [&hellip;]\" \/>\n<meta property=\"og:url\" content=\"https:\/\/armbruster.com\/it\/accessibilita\/\" \/>\n<meta property=\"og:site_name\" content=\"Armbruster GmbH \u2013 Medizintechnik | Pr\u00e4zisionstechnik\" \/>\n<meta property=\"article:modified_time\" content=\"2026-01-13T15:48:17+00:00\" \/>\n<meta name=\"twitter:card\" content=\"summary_large_image\" \/>\n<meta name=\"twitter:label1\" content=\"Tempo di lettura stimato\" \/>\n\t<meta name=\"twitter:data1\" content=\"1 minuto\" \/>\n<script type=\"application\/ld+json\" class=\"yoast-schema-graph\">{\"@context\":\"https:\/\/schema.org\",\"@graph\":[{\"@type\":\"WebPage\",\"@id\":\"https:\/\/armbruster.com\/it\/accessibilita\/\",\"url\":\"https:\/\/armbruster.com\/it\/accessibilita\/\",\"name\":\"Accessibilit\u00e0 - Armbruster GmbH \u2013 Medizintechnik | Pr\u00e4zisionstechnik\",\"isPartOf\":{\"@id\":\"https:\/\/armbruster.com\/it\/#website\"},\"primaryImageOfPage\":{\"@id\":\"https:\/\/armbruster.com\/it\/accessibilita\/#primaryimage\"},\"image\":{\"@id\":\"https:\/\/armbruster.com\/it\/accessibilita\/#primaryimage\"},\"thumbnailUrl\":\"https:\/\/armbruster.com\/wp-content\/uploads\/2025\/03\/corner.svg\",\"datePublished\":\"2024-09-20T09:13:30+00:00\",\"dateModified\":\"2026-01-13T15:48:17+00:00\",\"breadcrumb\":{\"@id\":\"https:\/\/armbruster.com\/it\/accessibilita\/#breadcrumb\"},\"inLanguage\":\"it-IT\",\"potentialAction\":[{\"@type\":\"ReadAction\",\"target\":[\"https:\/\/armbruster.com\/it\/accessibilita\/\"]}]},{\"@type\":\"ImageObject\",\"inLanguage\":\"it-IT\",\"@id\":\"https:\/\/armbruster.com\/it\/accessibilita\/#primaryimage\",\"url\":\"https:\/\/armbruster.com\/wp-content\/uploads\/2025\/03\/corner.svg\",\"contentUrl\":\"https:\/\/armbruster.com\/wp-content\/uploads\/2025\/03\/corner.svg\"},{\"@type\":\"BreadcrumbList\",\"@id\":\"https:\/\/armbruster.com\/it\/accessibilita\/#breadcrumb\",\"itemListElement\":[{\"@type\":\"ListItem\",\"position\":1,\"name\":\"Startseite\",\"item\":\"https:\/\/armbruster.com\/it\/pagina-iniziale\/\"},{\"@type\":\"ListItem\",\"position\":2,\"name\":\"Accessibilit\u00e0\"}]},{\"@type\":\"WebSite\",\"@id\":\"https:\/\/armbruster.com\/it\/#website\",\"url\":\"https:\/\/armbruster.com\/it\/\",\"name\":\"Armbruster GmbH \u2013 Medizintechnik | Pr\u00e4zisionstechnik\",\"description\":\"Steinach im Kinzigtal  \u2013 Medizin + Industrie\",\"publisher\":{\"@id\":\"https:\/\/armbruster.com\/it\/#organization\"},\"potentialAction\":[{\"@type\":\"SearchAction\",\"target\":{\"@type\":\"EntryPoint\",\"urlTemplate\":\"https:\/\/armbruster.com\/it\/?s={search_term_string}\"},\"query-input\":{\"@type\":\"PropertyValueSpecification\",\"valueRequired\":true,\"valueName\":\"search_term_string\"}}],\"inLanguage\":\"it-IT\"},{\"@type\":\"Organization\",\"@id\":\"https:\/\/armbruster.com\/it\/#organization\",\"name\":\"Armbruster GmbH \u2013 Medizintechnik | Pr\u00e4zisionstechnik\",\"url\":\"https:\/\/armbruster.com\/it\/\",\"logo\":{\"@type\":\"ImageObject\",\"inLanguage\":\"it-IT\",\"@id\":\"https:\/\/armbruster.com\/it\/#\/schema\/logo\/image\/\",\"url\":\"https:\/\/armbruster.com\/wp-content\/uploads\/2023\/10\/logo.svg\",\"contentUrl\":\"https:\/\/armbruster.com\/wp-content\/uploads\/2023\/10\/logo.svg\",\"width\":323,\"height\":53,\"caption\":\"Armbruster GmbH \u2013 Medizintechnik | Pr\u00e4zisionstechnik\"},\"image\":{\"@id\":\"https:\/\/armbruster.com\/it\/#\/schema\/logo\/image\/\"}}]}<\/script>\n<!-- \/ Yoast SEO plugin. -->","yoast_head_json":{"title":"Accessibilit\u00e0 - Armbruster GmbH \u2013 Medizintechnik | Pr\u00e4zisionstechnik","robots":{"index":"index","follow":"follow","max-snippet":"max-snippet:-1","max-image-preview":"max-image-preview:large","max-video-preview":"max-video-preview:-1"},"canonical":"https:\/\/armbruster.com\/it\/accessibilita\/","og_locale":"it_IT","og_type":"article","og_title":"Accessibilit\u00e0 - Armbruster GmbH \u2013 Medizintechnik | Pr\u00e4zisionstechnik","og_description":"Dichiarazione di accessibilit\u00e0 Armbruster GmbH si impegna a rendere il proprio sito web accessibile in conformit\u00e0 con il \u00a7 11 comma 1 della legge regionale sull&#8217;uguaglianza dei disabili (LBGG) e con i requisiti di accessibilit\u00e0 di cui al \u00a7 13 comma 3 LBGG. La presente dichiarazione di accessibilit\u00e0 si applica al sito armbruster.com. Stato di [&hellip;]","og_url":"https:\/\/armbruster.com\/it\/accessibilita\/","og_site_name":"Armbruster GmbH \u2013 Medizintechnik | Pr\u00e4zisionstechnik","article_modified_time":"2026-01-13T15:48:17+00:00","twitter_card":"summary_large_image","twitter_misc":{"Tempo di lettura stimato":"1 minuto"},"schema":{"@context":"https:\/\/schema.org","@graph":[{"@type":"WebPage","@id":"https:\/\/armbruster.com\/it\/accessibilita\/","url":"https:\/\/armbruster.com\/it\/accessibilita\/","name":"Accessibilit\u00e0 - Armbruster GmbH \u2013 Medizintechnik | Pr\u00e4zisionstechnik","isPartOf":{"@id":"https:\/\/armbruster.com\/it\/#website"},"primaryImageOfPage":{"@id":"https:\/\/armbruster.com\/it\/accessibilita\/#primaryimage"},"image":{"@id":"https:\/\/armbruster.com\/it\/accessibilita\/#primaryimage"},"thumbnailUrl":"https:\/\/armbruster.com\/wp-content\/uploads\/2025\/03\/corner.svg","datePublished":"2024-09-20T09:13:30+00:00","dateModified":"2026-01-13T15:48:17+00:00","breadcrumb":{"@id":"https:\/\/armbruster.com\/it\/accessibilita\/#breadcrumb"},"inLanguage":"it-IT","potentialAction":[{"@type":"ReadAction","target":["https:\/\/armbruster.com\/it\/accessibilita\/"]}]},{"@type":"ImageObject","inLanguage":"it-IT","@id":"https:\/\/armbruster.com\/it\/accessibilita\/#primaryimage","url":"https:\/\/armbruster.com\/wp-content\/uploads\/2025\/03\/corner.svg","contentUrl":"https:\/\/armbruster.com\/wp-content\/uploads\/2025\/03\/corner.svg"},{"@type":"BreadcrumbList","@id":"https:\/\/armbruster.com\/it\/accessibilita\/#breadcrumb","itemListElement":[{"@type":"ListItem","position":1,"name":"Startseite","item":"https:\/\/armbruster.com\/it\/pagina-iniziale\/"},{"@type":"ListItem","position":2,"name":"Accessibilit\u00e0"}]},{"@type":"WebSite","@id":"https:\/\/armbruster.com\/it\/#website","url":"https:\/\/armbruster.com\/it\/","name":"Armbruster GmbH \u2013 Medizintechnik | Pr\u00e4zisionstechnik","description":"Steinach im Kinzigtal  \u2013 Medizin + Industrie","publisher":{"@id":"https:\/\/armbruster.com\/it\/#organization"},"potentialAction":[{"@type":"SearchAction","target":{"@type":"EntryPoint","urlTemplate":"https:\/\/armbruster.com\/it\/?s={search_term_string}"},"query-input":{"@type":"PropertyValueSpecification","valueRequired":true,"valueName":"search_term_string"}}],"inLanguage":"it-IT"},{"@type":"Organization","@id":"https:\/\/armbruster.com\/it\/#organization","name":"Armbruster GmbH \u2013 Medizintechnik | Pr\u00e4zisionstechnik","url":"https:\/\/armbruster.com\/it\/","logo":{"@type":"ImageObject","inLanguage":"it-IT","@id":"https:\/\/armbruster.com\/it\/#\/schema\/logo\/image\/","url":"https:\/\/armbruster.com\/wp-content\/uploads\/2023\/10\/logo.svg","contentUrl":"https:\/\/armbruster.com\/wp-content\/uploads\/2023\/10\/logo.svg","width":323,"height":53,"caption":"Armbruster GmbH \u2013 Medizintechnik | Pr\u00e4zisionstechnik"},"image":{"@id":"https:\/\/armbruster.com\/it\/#\/schema\/logo\/image\/"}}]}},"_links":{"self":[{"href":"https:\/\/armbruster.com\/it\/wp-json\/wp\/v2\/pages\/7661","targetHints":{"allow":["GET"]}}],"collection":[{"href":"https:\/\/armbruster.com\/it\/wp-json\/wp\/v2\/pages"}],"about":[{"href":"https:\/\/armbruster.com\/it\/wp-json\/wp\/v2\/types\/page"}],"author":[{"embeddable":true,"href":"https:\/\/armbruster.com\/it\/wp-json\/wp\/v2\/users\/1"}],"replies":[{"embeddable":true,"href":"https:\/\/armbruster.com\/it\/wp-json\/wp\/v2\/comments?post=7661"}],"version-history":[{"count":1,"href":"https:\/\/armbruster.com\/it\/wp-json\/wp\/v2\/pages\/7661\/revisions"}],"predecessor-version":[{"id":7662,"href":"https:\/\/armbruster.com\/it\/wp-json\/wp\/v2\/pages\/7661\/revisions\/7662"}],"wp:attachment":[{"href":"https:\/\/armbruster.com\/it\/wp-json\/wp\/v2\/media?parent=7661"}],"curies":[{"name":"wp","href":"https:\/\/api.w.org\/{rel}","templated":true}]}}